{"id":429,"date":"2026-03-02T11:24:26","date_gmt":"2026-03-02T11:24:26","guid":{"rendered":"https:\/\/prj08.com.es\/?page_id=429"},"modified":"2026-03-05T11:33:56","modified_gmt":"2026-03-05T11:33:56","slug":"formulario-informacion-masteres-oficiales","status":"publish","type":"page","link":"https:\/\/prj08.com.es\/index.php\/formulario-informacion-masteres-oficiales\/","title":{"rendered":"Formulario informaci\u00f3n M\u00e1steres oficiales"},"content":{"rendered":"\t\t<div data-elementor-type=\"wp-page\" data-elementor-id=\"429\" class=\"elementor elementor-429\" data-elementor-post-type=\"page\">\n\t\t\t\t<div class=\"elementor-element elementor-element-94daadf e-flex e-con-boxed e-con e-parent\" data-id=\"94daadf\" data-element_type=\"container\" data-e-type=\"container\" data-settings=\"{&quot;background_background&quot;:&quot;classic&quot;}\">\n\t\t\t\t\t<div class=\"e-con-inner\">\n\t\t\t\t<div class=\"elementor-element elementor-element-0fdf31b elementor-widget-mobile__width-inherit elementor-widget elementor-widget-heading\" data-id=\"0fdf31b\" data-element_type=\"widget\" data-e-type=\"widget\" data-widget_type=\"heading.default\">\n\t\t\t\t\t<h2 class=\"elementor-heading-title elementor-size-default\">Formulario informaci\u00f3n M\u00e1steres oficiales<\/h2>\t\t\t\t<\/div>\n\t\t\t\t<div class=\"elementor-element elementor-element-a33e3c8 elementor-share-buttons--view-icon elementor-share-buttons--shape-circle elementor-widget__width-auto elementor-widget-mobile__width-inherit elementor-share-buttons--skin-gradient elementor-grid-0 elementor-share-buttons--color-official elementor-widget elementor-widget-share-buttons\" data-id=\"a33e3c8\" data-element_type=\"widget\" data-e-type=\"widget\" data-widget_type=\"share-buttons.default\">\n\t\t\t\t\t\t\t<div class=\"elementor-grid\" role=\"list\">\n\t\t\t\t\t\t\t\t<div class=\"elementor-grid-item\" role=\"listitem\">\n\t\t\t\t\t\t<div class=\"elementor-share-btn elementor-share-btn_facebook\" role=\"button\" tabindex=\"0\" aria-label=\"Compartir en facebook\">\n\t\t\t\t\t\t\t\t\t\t\t\t\t\t\t<span class=\"elementor-share-btn__icon\">\n\t\t\t\t\t\t\t\t<svg aria-hidden=\"true\" class=\"e-font-icon-svg e-fab-facebook\" viewBox=\"0 0 512 512\" xmlns=\"http:\/\/www.w3.org\/2000\/svg\"><path d=\"M504 256C504 119 393 8 256 8S8 119 8 256c0 123.78 90.69 226.38 209.25 245V327.69h-63V256h63v-54.64c0-62.15 37-96.48 93.67-96.48 27.14 0 55.52 4.84 55.52 4.84v61h-31.28c-30.8 0-40.41 19.12-40.41 38.73V256h68.78l-11 71.69h-57.78V501C413.31 482.38 504 379.78 504 256z\"><\/path><\/svg>\t\t\t\t\t\t\t<\/span>\n\t\t\t\t\t\t\t\t\t\t\t\t\t\t\t\t\t\t\t\t<\/div>\n\t\t\t\t\t<\/div>\n\t\t\t\t\t\t\t\t\t<div class=\"elementor-grid-item\" role=\"listitem\">\n\t\t\t\t\t\t<div class=\"elementor-share-btn elementor-share-btn_x-twitter\" role=\"button\" tabindex=\"0\" aria-label=\"Compartir en x-twitter\">\n\t\t\t\t\t\t\t\t\t\t\t\t\t\t\t<span class=\"elementor-share-btn__icon\">\n\t\t\t\t\t\t\t\t<svg aria-hidden=\"true\" class=\"e-font-icon-svg e-fab-x-twitter\" viewBox=\"0 0 512 512\" xmlns=\"http:\/\/www.w3.org\/2000\/svg\"><path d=\"M389.2 48h70.6L305.6 224.2 487 464H345L233.7 318.6 106.5 464H35.8L200.7 275.5 26.8 48H172.4L272.9 180.9 389.2 48zM364.4 421.8h39.1L151.1 88h-42L364.4 421.8z\"><\/path><\/svg>\t\t\t\t\t\t\t<\/span>\n\t\t\t\t\t\t\t\t\t\t\t\t\t\t\t\t\t\t\t\t<\/div>\n\t\t\t\t\t<\/div>\n\t\t\t\t\t\t\t\t\t<div class=\"elementor-grid-item\" role=\"listitem\">\n\t\t\t\t\t\t<div class=\"elementor-share-btn elementor-share-btn_linkedin\" role=\"button\" tabindex=\"0\" aria-label=\"Compartir en linkedin\">\n\t\t\t\t\t\t\t\t\t\t\t\t\t\t\t<span class=\"elementor-share-btn__icon\">\n\t\t\t\t\t\t\t\t<svg aria-hidden=\"true\" class=\"e-font-icon-svg e-fab-linkedin\" viewBox=\"0 0 448 512\" xmlns=\"http:\/\/www.w3.org\/2000\/svg\"><path d=\"M416 32H31.9C14.3 32 0 46.5 0 64.3v383.4C0 465.5 14.3 480 31.9 480H416c17.6 0 32-14.5 32-32.3V64.3c0-17.8-14.4-32.3-32-32.3zM135.4 416H69V202.2h66.5V416zm-33.2-243c-21.3 0-38.5-17.3-38.5-38.5S80.9 96 102.2 96c21.2 0 38.5 17.3 38.5 38.5 0 21.3-17.2 38.5-38.5 38.5zm282.1 243h-66.4V312c0-24.8-.5-56.7-34.5-56.7-34.6 0-39.9 27-39.9 54.9V416h-66.4V202.2h63.7v29.2h.9c8.9-16.8 30.6-34.5 62.9-34.5 67.2 0 79.7 44.3 79.7 101.9V416z\"><\/path><\/svg>\t\t\t\t\t\t\t<\/span>\n\t\t\t\t\t\t\t\t\t\t\t\t\t\t\t\t\t\t\t\t<\/div>\n\t\t\t\t\t<\/div>\n\t\t\t\t\t\t<\/div>\n\t\t\t\t\t\t<\/div>\n\t\t\t\t\t<\/div>\n\t\t\t\t<\/div>\n\t\t<div class=\"elementor-element elementor-element-64b49ee e-flex e-con-boxed e-con e-parent\" data-id=\"64b49ee\" data-element_type=\"container\" data-e-type=\"container\">\n\t\t\t\t\t<div class=\"e-con-inner\">\n\t\t\t\t<div class=\"elementor-element elementor-element-357522a elementor-widget elementor-widget-text-editor\" data-id=\"357522a\" data-element_type=\"widget\" data-e-type=\"widget\" data-widget_type=\"text-editor.default\">\n\t\t\t\t\t\t\t\t\t<p>Es posible recoger en la p\u00e1gina web de la <strong>SEFJP<\/strong> informaci\u00f3n sobre los M\u00e1steres oficiales que tengan por objeto primordial las materias cubiertas por la Asociaci\u00f3n (Derecho Internacional P\u00fablico, Derecho Internacional Privado, Derecho de la UE y Relaciones Internacionales) y que sean dirigidos, organizados o coordinados por alguno de los miembros de aqu\u00e9lla.<\/p><p>Al objeto de uniformizar la informaci\u00f3n incluida en la web, le agradecer\u00edamos completara el siguiente formulario.<\/p>\t\t\t\t\t\t\t\t<\/div>\n\t\t\t\t\t<\/div>\n\t\t\t\t<\/div>\n\t\t<div class=\"elementor-element elementor-element-f12117f e-flex e-con-boxed e-con e-parent\" data-id=\"f12117f\" data-element_type=\"container\" data-e-type=\"container\">\n\t\t\t\t\t<div class=\"e-con-inner\">\n\t\t\t\t<div class=\"elementor-element elementor-element-09264ab elementor-widget-mobile__width-inherit elementor-widget-divider--view-line elementor-widget elementor-widget-divider\" data-id=\"09264ab\" data-element_type=\"widget\" data-e-type=\"widget\" data-widget_type=\"divider.default\">\n\t\t\t\t\t\t\t<div class=\"elementor-divider\">\n\t\t\t<span class=\"elementor-divider-separator\">\n\t\t\t\t\t\t<\/span>\n\t\t<\/div>\n\t\t\t\t\t\t<\/div>\n\t\t\t\t\t<\/div>\n\t\t\t\t<\/div>\n\t\t<div class=\"elementor-element elementor-element-9102d29 e-flex e-con-boxed e-con e-parent\" data-id=\"9102d29\" data-element_type=\"container\" data-e-type=\"container\">\n\t\t\t\t\t<div class=\"e-con-inner\">\n\t\t\t\t<div class=\"elementor-element elementor-element-704a7a9 elementor-button-align-stretch elementor-widget elementor-widget-form\" data-id=\"704a7a9\" data-element_type=\"widget\" data-e-type=\"widget\" data-settings=\"{&quot;step_next_label&quot;:&quot;Siguiente&quot;,&quot;step_previous_label&quot;:&quot;Anterior&quot;,&quot;button_width&quot;:&quot;30&quot;,&quot;step_type&quot;:&quot;number_text&quot;,&quot;step_icon_shape&quot;:&quot;circle&quot;}\" data-widget_type=\"form.default\">\n\t\t\t\t\t\t\t<form class=\"elementor-form\" method=\"post\" name=\"Nuevo formulario\" aria-label=\"Nuevo formulario\">\n\t\t\t<input type=\"hidden\" name=\"post_id\" value=\"429\"\/>\n\t\t\t<input type=\"hidden\" name=\"form_id\" value=\"704a7a9\"\/>\n\t\t\t<input type=\"hidden\" name=\"referer_title\" value=\"Formulario informaci\u00f3n M\u00e1steres oficiales\" \/>\n\n\t\t\t\t\t\t\t<input type=\"hidden\" name=\"queried_id\" value=\"429\"\/>\n\t\t\t\n\t\t\t<div class=\"elementor-form-fields-wrapper elementor-labels-above\">\n\t\t\t\t\t\t\t\t<div class=\"elementor-field-type-text elementor-field-group elementor-column elementor-field-group-name elementor-col-100 elementor-field-required\">\n\t\t\t\t\t\t\t\t\t\t\t\t<label for=\"form-field-name\" class=\"elementor-field-label\">\n\t\t\t\t\t\t\t\tT\u00edtulo del M\u00e1ster\t\t\t\t\t\t\t<\/label>\n\t\t\t\t\t\t\t\t\t\t\t\t\t\t<input size=\"1\" type=\"text\" name=\"form_fields[name]\" id=\"form-field-name\" class=\"elementor-field elementor-size-md  elementor-field-textual\" placeholder=\"T\u00edtulo del M\u00e1ster\" required=\"required\">\n\t\t\t\t\t\t\t\t\t\t\t<\/div>\n\t\t\t\t\t\t\t\t<div class=\"elementor-field-type-textarea elementor-field-group elementor-column elementor-field-group-field_33f7db2 elementor-col-100 elementor-field-required\">\n\t\t\t\t\t\t\t\t\t\t\t\t<label for=\"form-field-field_33f7db2\" class=\"elementor-field-label\">\n\t\t\t\t\t\t\t\tBreve presentaci\u00f3n*\t\t\t\t\t\t\t<\/label>\n\t\t\t\t\t\t<textarea class=\"elementor-field-textual elementor-field  elementor-size-md\" name=\"form_fields[field_33f7db2]\" id=\"form-field-field_33f7db2\" rows=\"4\" placeholder=\"Breve presentaci\u00f3n*\" required=\"required\"><\/textarea>\t\t\t\t<\/div>\n\t\t\t\t\t\t\t\t<div class=\"elementor-field-type-text elementor-field-group elementor-column elementor-field-group-email elementor-col-100\">\n\t\t\t\t\t\t\t\t\t\t\t\t<label for=\"form-field-email\" class=\"elementor-field-label\">\n\t\t\t\t\t\t\t\tMiembro SEFJP vinculado a la actividad \/ cargo que ocupa\t\t\t\t\t\t\t<\/label>\n\t\t\t\t\t\t\t\t\t\t\t\t\t\t<input size=\"1\" type=\"text\" name=\"form_fields[email]\" id=\"form-field-email\" class=\"elementor-field elementor-size-md  elementor-field-textual\" placeholder=\"Miembro SEFJP vinculado a la actividad \/ cargo que ocupa\">\n\t\t\t\t\t\t\t\t\t\t\t<\/div>\n\t\t\t\t\t\t\t\t<div class=\"elementor-field-type-text elementor-field-group elementor-column elementor-field-group-field_bb4e60c elementor-col-100\">\n\t\t\t\t\t\t\t\t\t\t\t\t<label for=\"form-field-field_bb4e60c\" class=\"elementor-field-label\">\n\t\t\t\t\t\t\t\tEntidad organizadora \/ cr\u00e9ditos ECTS*\t\t\t\t\t\t\t<\/label>\n\t\t\t\t\t\t\t\t\t\t\t\t\t\t<input size=\"1\" type=\"text\" name=\"form_fields[field_bb4e60c]\" id=\"form-field-field_bb4e60c\" class=\"elementor-field elementor-size-md  elementor-field-textual\" placeholder=\"Entidad organizadora \/ cr\u00e9ditos ECTS*\">\n\t\t\t\t\t\t\t\t\t\t\t<\/div>\n\t\t\t\t\t\t\t\t<div class=\"elementor-field-type-radio elementor-field-group elementor-column elementor-field-group-field_1059596 elementor-col-100\">\n\t\t\t\t\t\t\t\t\t\t\t\t<label for=\"form-field-field_1059596\" class=\"elementor-field-label\">\n\t\t\t\t\t\t\t\tCaracter presencial u online\t\t\t\t\t\t\t<\/label>\n\t\t\t\t\t\t<div class=\"elementor-field-subgroup  \"><span class=\"elementor-field-option\"><input type=\"radio\" value=\"Presiencial\" id=\"form-field-field_1059596-0\" name=\"form_fields[field_1059596]\"> <label for=\"form-field-field_1059596-0\">Presiencial<\/label><\/span><span class=\"elementor-field-option\"><input type=\"radio\" value=\"Online\" id=\"form-field-field_1059596-1\" name=\"form_fields[field_1059596]\"> <label for=\"form-field-field_1059596-1\">Online<\/label><\/span><span class=\"elementor-field-option\"><input type=\"radio\" value=\"Presencial y Online\" id=\"form-field-field_1059596-2\" name=\"form_fields[field_1059596]\"> <label for=\"form-field-field_1059596-2\">Presencial y Online<\/label><\/span><\/div>\t\t\t\t<\/div>\n\t\t\t\t\t\t\t\t<div class=\"elementor-field-type-text elementor-field-group elementor-column elementor-field-group-field_eb8a875 elementor-col-100\">\n\t\t\t\t\t\t\t\t\t\t\t\t<label for=\"form-field-field_eb8a875\" class=\"elementor-field-label\">\n\t\t\t\t\t\t\t\tLugar de impartici\u00f3n\t\t\t\t\t\t\t<\/label>\n\t\t\t\t\t\t\t\t\t\t\t\t\t\t<input size=\"1\" type=\"text\" name=\"form_fields[field_eb8a875]\" id=\"form-field-field_eb8a875\" class=\"elementor-field elementor-size-md  elementor-field-textual\" placeholder=\"Lugar de impartici\u00f3n\">\n\t\t\t\t\t\t\t\t\t\t\t<\/div>\n\t\t\t\t\t\t\t\t<div class=\"elementor-field-type-text elementor-field-group elementor-column elementor-field-group-field_e42b711 elementor-col-100 elementor-field-required\">\n\t\t\t\t\t\t\t\t\t\t\t\t<label for=\"form-field-field_e42b711\" class=\"elementor-field-label\">\n\t\t\t\t\t\t\t\tIdioma de impartici\u00f3n\t\t\t\t\t\t\t<\/label>\n\t\t\t\t\t\t\t\t\t\t\t\t\t\t<input size=\"1\" type=\"text\" name=\"form_fields[field_e42b711]\" id=\"form-field-field_e42b711\" class=\"elementor-field elementor-size-md  elementor-field-textual\" placeholder=\"Idioma de impartici\u00f3n\" required=\"required\">\n\t\t\t\t\t\t\t\t\t\t\t<\/div>\n\t\t\t\t\t\t\t\t<div class=\"elementor-field-type-text elementor-field-group elementor-column elementor-field-group-field_69024c8 elementor-col-100 elementor-field-required\">\n\t\t\t\t\t\t\t\t\t\t\t\t<label for=\"form-field-field_69024c8\" class=\"elementor-field-label\">\n\t\t\t\t\t\t\t\tFechas de matriculaci\u00f3n \/ fechas de impartici\u00f3n\t\t\t\t\t\t\t<\/label>\n\t\t\t\t\t\t\t\t\t\t\t\t\t\t<input size=\"1\" type=\"text\" name=\"form_fields[field_69024c8]\" id=\"form-field-field_69024c8\" class=\"elementor-field elementor-size-md  elementor-field-textual\" placeholder=\"Fechas de matriculaci\u00f3n \/ fechas de impartici\u00f3n\" required=\"required\">\n\t\t\t\t\t\t\t\t\t\t\t<\/div>\n\t\t\t\t\t\t\t\t<div class=\"elementor-field-type-text elementor-field-group elementor-column elementor-field-group-field_c1d2547 elementor-col-100\">\n\t\t\t\t\t\t\t\t\t\t\t\t<label for=\"form-field-field_c1d2547\" class=\"elementor-field-label\">\n\t\t\t\t\t\t\t\tP\u00e1gina web\t\t\t\t\t\t\t<\/label>\n\t\t\t\t\t\t\t\t\t\t\t\t\t\t<input size=\"1\" type=\"text\" name=\"form_fields[field_c1d2547]\" id=\"form-field-field_c1d2547\" class=\"elementor-field elementor-size-md  elementor-field-textual\" placeholder=\"P\u00e1gina web\">\n\t\t\t\t\t\t\t\t\t\t\t<\/div>\n\t\t\t\t\t\t\t\t<div class=\"elementor-field-type-upload elementor-field-group elementor-column elementor-field-group-field_a1e9b87 elementor-col-100\">\n\t\t\t\t\t\t\t\t\t\t\t\t<label for=\"form-field-field_a1e9b87\" class=\"elementor-field-label\">\n\t\t\t\t\t\t\t\tImagen\t\t\t\t\t\t\t<\/label>\n\t\t\t\t\t\t\t\t<input type=\"file\" name=\"form_fields[field_a1e9b87]\" id=\"form-field-field_a1e9b87\" class=\"elementor-field elementor-size-md  elementor-upload-field\">\n\n\t\t\t\t\t\t<\/div>\n\t\t\t\t\t\t\t\t<div class=\"elementor-field-type-text elementor-field-group elementor-column elementor-field-group-field_bb962ca elementor-col-100 elementor-field-required\">\n\t\t\t\t\t\t\t\t\t\t\t\t<label for=\"form-field-field_bb962ca\" class=\"elementor-field-label\">\n\t\t\t\t\t\t\t\tNombre y apellidos de contacto*\t\t\t\t\t\t\t<\/label>\n\t\t\t\t\t\t\t\t\t\t\t\t\t\t<input size=\"1\" type=\"text\" name=\"form_fields[field_bb962ca]\" id=\"form-field-field_bb962ca\" class=\"elementor-field elementor-size-md  elementor-field-textual\" placeholder=\"Nombre y apellidos de contacto*\" required=\"required\">\n\t\t\t\t\t\t\t\t\t\t\t<\/div>\n\t\t\t\t\t\t\t\t<div class=\"elementor-field-type-email elementor-field-group elementor-column elementor-field-group-field_bbadbdd elementor-col-100 elementor-field-required\">\n\t\t\t\t\t\t\t\t\t\t\t\t<label for=\"form-field-field_bbadbdd\" class=\"elementor-field-label\">\n\t\t\t\t\t\t\t\tCorreo electr\u00f3nico de contacto*\t\t\t\t\t\t\t<\/label>\n\t\t\t\t\t\t\t\t\t\t\t\t\t\t<input size=\"1\" type=\"email\" name=\"form_fields[field_bbadbdd]\" id=\"form-field-field_bbadbdd\" class=\"elementor-field elementor-size-md  elementor-field-textual\" placeholder=\"Correo electr\u00f3nico de contacto*\" required=\"required\">\n\t\t\t\t\t\t\t\t\t\t\t<\/div>\n\t\t\t\t\t\t\t\t<div class=\"elementor-field-type-checkbox elementor-field-group elementor-column elementor-field-group-field_88eed65 elementor-col-100\">\n\t\t\t\t\t\t\t\t\t\t\t\t<label for=\"form-field-field_88eed65\" class=\"elementor-field-label\">\n\t\t\t\t\t\t\t\tAviso Legal\t\t\t\t\t\t\t<\/label>\n\t\t\t\t\t\t<div class=\"elementor-field-subgroup  elementor-subgroup-inline\"><span class=\"elementor-field-option\"><input type=\"checkbox\" value=\"En cumplimiento de lo dispuesto en el Reglamento (UE) 2016\/679, de Protecci\u00f3n de Datos, SEFJP le informa que los datos personales obtenidos mediante la cumplimentaci\u00f3n de este formulario ser\u00e1n tratados a los \u00fanicos efectos de gestionar la difusi\u00f3n de la informaci\u00f3n consignada en el mismo y para la elaboraci\u00f3n de datos estad\u00edsticos de las actividades de la asociaci\u00f3n y sus miembros. Los datos personales se conservar\u00e1n mientras est\u00e9 publicada la informaci\u00f3n en los medios de difusi\u00f3n propios de la Asociaci\u00f3n. La AEPDIRI asegura la confidencialidad en la recogida y tratamiento, mediante las medidas necesarias para evitar su alteraci\u00f3n, p\u00e9rdida, tratamiento o acceso no autorizado seg\u00fan lo exigido por el Reglamento general de protecci\u00f3n de datos. No est\u00e1 prevista la cesi\u00f3n de datos personales a terceros salvo obligaci\u00f3n legal ni tiene prevista su transferencia a un tercer pa\u00eds u organizaci\u00f3n internacional. Puede ejercer los derechos de acceso, rectificaci\u00f3n, oposici\u00f3n, portabilidad y supresi\u00f3n previstos en la norma dirigiendo un escrito a la Secretaria de la AEPDIRI (Escuela Diplom\u00e1tica, Paseo de Juan XXIII, N\u00ba 5 28040 \u2013 Madrid), por correo postal o por correo electr\u00f3nico (secretaria@aepdiri.org), adjuntando copia de su DNI. Igualmente, y como interesado, tiene derecho a presentar una reclamaci\u00f3n ante la Agencia Espa\u00f1ola de Protecci\u00f3n de Datos (www.agpd.es).\" id=\"form-field-field_88eed65-0\" name=\"form_fields[field_88eed65]\"> <label for=\"form-field-field_88eed65-0\">En cumplimiento de lo dispuesto en el Reglamento (UE) 2016\/679, de Protecci\u00f3n de Datos, SEFJP le informa que los datos personales obtenidos mediante la cumplimentaci\u00f3n de este formulario ser\u00e1n tratados a los \u00fanicos efectos de gestionar la difusi\u00f3n de la informaci\u00f3n consignada en el mismo y para la elaboraci\u00f3n de datos estad\u00edsticos de las actividades de la asociaci\u00f3n y sus miembros. Los datos personales se conservar\u00e1n mientras est\u00e9 publicada la informaci\u00f3n en los medios de difusi\u00f3n propios de la Asociaci\u00f3n. La AEPDIRI asegura la confidencialidad en la recogida y tratamiento, mediante las medidas necesarias para evitar su alteraci\u00f3n, p\u00e9rdida, tratamiento o acceso no autorizado seg\u00fan lo exigido por el Reglamento general de protecci\u00f3n de datos. No est\u00e1 prevista la cesi\u00f3n de datos personales a terceros salvo obligaci\u00f3n legal ni tiene prevista su transferencia a un tercer pa\u00eds u organizaci\u00f3n internacional. Puede ejercer los derechos de acceso, rectificaci\u00f3n, oposici\u00f3n, portabilidad y supresi\u00f3n previstos en la norma dirigiendo un escrito a la Secretaria de la AEPDIRI (Escuela Diplom\u00e1tica, Paseo de Juan XXIII, N\u00ba 5 28040 \u2013 Madrid), por correo postal o por correo electr\u00f3nico (secretaria@aepdiri.org), adjuntando copia de su DNI. Igualmente, y como interesado, tiene derecho a presentar una reclamaci\u00f3n ante la Agencia Espa\u00f1ola de Protecci\u00f3n de Datos (www.agpd.es).<\/label><\/span><\/div>\t\t\t\t<\/div>\n\t\t\t\t\t\t\t\t<div class=\"elementor-field-group elementor-column elementor-field-type-submit elementor-col-30 e-form__buttons\">\n\t\t\t\t\t<button class=\"elementor-button elementor-size-md\" type=\"submit\">\n\t\t\t\t\t\t<span class=\"elementor-button-content-wrapper\">\n\t\t\t\t\t\t\t\t\t\t\t\t\t\t\t\t\t\t\t\t\t\t<span class=\"elementor-button-text\">Enviar<\/span>\n\t\t\t\t\t\t\t\t\t\t\t\t\t<\/span>\n\t\t\t\t\t<\/button>\n\t\t\t\t<\/div>\n\t\t\t<\/div>\n\t\t<\/form>\n\t\t\t\t\t\t<\/div>\n\t\t\t\t\t<\/div>\n\t\t\t\t<\/div>\n\t\t\t\t<\/div>\n\t\t","protected":false},"excerpt":{"rendered":"<p>Formulario informaci\u00f3n M\u00e1steres oficiales Es posible recoger en la p\u00e1gina web de la SEFJP informaci\u00f3n sobre los M\u00e1steres oficiales que tengan por objeto primordial las materias cubiertas por la Asociaci\u00f3n (Derecho Internacional P\u00fablico, Derecho Internacional Privado, Derecho de la UE y Relaciones Internacionales) y que sean dirigidos, organizados o coordinados por alguno de los miembros [&hellip;]<\/p>\n","protected":false},"author":1,"featured_media":0,"parent":0,"menu_order":0,"comment_status":"closed","ping_status":"closed","template":"","meta":{"footnotes":""},"class_list":["post-429","page","type-page","status-publish","hentry"],"_links":{"self":[{"href":"https:\/\/prj08.com.es\/index.php\/wp-json\/wp\/v2\/pages\/429","targetHints":{"allow":["GET"]}}],"collection":[{"href":"https:\/\/prj08.com.es\/index.php\/wp-json\/wp\/v2\/pages"}],"about":[{"href":"https:\/\/prj08.com.es\/index.php\/wp-json\/wp\/v2\/types\/page"}],"author":[{"embeddable":true,"href":"https:\/\/prj08.com.es\/index.php\/wp-json\/wp\/v2\/users\/1"}],"replies":[{"embeddable":true,"href":"https:\/\/prj08.com.es\/index.php\/wp-json\/wp\/v2\/comments?post=429"}],"version-history":[{"count":4,"href":"https:\/\/prj08.com.es\/index.php\/wp-json\/wp\/v2\/pages\/429\/revisions"}],"predecessor-version":[{"id":434,"href":"https:\/\/prj08.com.es\/index.php\/wp-json\/wp\/v2\/pages\/429\/revisions\/434"}],"wp:attachment":[{"href":"https:\/\/prj08.com.es\/index.php\/wp-json\/wp\/v2\/media?parent=429"}],"curies":[{"name":"wp","href":"https:\/\/api.w.org\/{rel}","templated":true}]}}