{"id":387,"date":"2026-03-02T14:38:37","date_gmt":"2026-03-02T14:38:37","guid":{"rendered":"https:\/\/prj08.com.es\/?page_id=387"},"modified":"2026-03-04T14:40:04","modified_gmt":"2026-03-04T14:40:04","slug":"proteccion-de-datos-personales","status":"publish","type":"page","link":"https:\/\/prj08.com.es\/index.php\/proteccion-de-datos-personales\/","title":{"rendered":"Protecci\u00f3n de Datos Personales"},"content":{"rendered":"\t\t<div data-elementor-type=\"wp-page\" data-elementor-id=\"387\" class=\"elementor elementor-387\" data-elementor-post-type=\"page\">\n\t\t\t\t<div class=\"elementor-element elementor-element-94daadf e-flex e-con-boxed e-con e-parent\" data-id=\"94daadf\" data-element_type=\"container\" data-e-type=\"container\" data-settings=\"{&quot;background_background&quot;:&quot;classic&quot;}\">\n\t\t\t\t\t<div class=\"e-con-inner\">\n\t\t\t\t<div class=\"elementor-element elementor-element-0fdf31b elementor-widget-mobile__width-inherit elementor-widget elementor-widget-heading\" data-id=\"0fdf31b\" data-element_type=\"widget\" data-e-type=\"widget\" data-widget_type=\"heading.default\">\n\t\t\t\t\t<h2 class=\"elementor-heading-title elementor-size-default\">Protecci\u00f3n de Datos Personales<\/h2>\t\t\t\t<\/div>\n\t\t\t\t<div class=\"elementor-element elementor-element-a33e3c8 elementor-share-buttons--view-icon elementor-share-buttons--shape-circle elementor-widget__width-auto elementor-widget-mobile__width-inherit elementor-share-buttons--skin-gradient elementor-grid-0 elementor-share-buttons--color-official elementor-widget elementor-widget-share-buttons\" data-id=\"a33e3c8\" data-element_type=\"widget\" data-e-type=\"widget\" data-widget_type=\"share-buttons.default\">\n\t\t\t\t\t\t\t<div class=\"elementor-grid\" role=\"list\">\n\t\t\t\t\t\t\t\t<div class=\"elementor-grid-item\" role=\"listitem\">\n\t\t\t\t\t\t<div class=\"elementor-share-btn elementor-share-btn_facebook\" role=\"button\" tabindex=\"0\" aria-label=\"Compartir en facebook\">\n\t\t\t\t\t\t\t\t\t\t\t\t\t\t\t<span class=\"elementor-share-btn__icon\">\n\t\t\t\t\t\t\t\t<svg aria-hidden=\"true\" class=\"e-font-icon-svg e-fab-facebook\" viewBox=\"0 0 512 512\" xmlns=\"http:\/\/www.w3.org\/2000\/svg\"><path d=\"M504 256C504 119 393 8 256 8S8 119 8 256c0 123.78 90.69 226.38 209.25 245V327.69h-63V256h63v-54.64c0-62.15 37-96.48 93.67-96.48 27.14 0 55.52 4.84 55.52 4.84v61h-31.28c-30.8 0-40.41 19.12-40.41 38.73V256h68.78l-11 71.69h-57.78V501C413.31 482.38 504 379.78 504 256z\"><\/path><\/svg>\t\t\t\t\t\t\t<\/span>\n\t\t\t\t\t\t\t\t\t\t\t\t\t\t\t\t\t\t\t\t<\/div>\n\t\t\t\t\t<\/div>\n\t\t\t\t\t\t\t\t\t<div class=\"elementor-grid-item\" role=\"listitem\">\n\t\t\t\t\t\t<div class=\"elementor-share-btn elementor-share-btn_x-twitter\" role=\"button\" tabindex=\"0\" aria-label=\"Compartir en x-twitter\">\n\t\t\t\t\t\t\t\t\t\t\t\t\t\t\t<span class=\"elementor-share-btn__icon\">\n\t\t\t\t\t\t\t\t<svg aria-hidden=\"true\" class=\"e-font-icon-svg e-fab-x-twitter\" viewBox=\"0 0 512 512\" xmlns=\"http:\/\/www.w3.org\/2000\/svg\"><path d=\"M389.2 48h70.6L305.6 224.2 487 464H345L233.7 318.6 106.5 464H35.8L200.7 275.5 26.8 48H172.4L272.9 180.9 389.2 48zM364.4 421.8h39.1L151.1 88h-42L364.4 421.8z\"><\/path><\/svg>\t\t\t\t\t\t\t<\/span>\n\t\t\t\t\t\t\t\t\t\t\t\t\t\t\t\t\t\t\t\t<\/div>\n\t\t\t\t\t<\/div>\n\t\t\t\t\t\t\t\t\t<div class=\"elementor-grid-item\" role=\"listitem\">\n\t\t\t\t\t\t<div class=\"elementor-share-btn elementor-share-btn_linkedin\" role=\"button\" tabindex=\"0\" aria-label=\"Compartir en linkedin\">\n\t\t\t\t\t\t\t\t\t\t\t\t\t\t\t<span class=\"elementor-share-btn__icon\">\n\t\t\t\t\t\t\t\t<svg aria-hidden=\"true\" class=\"e-font-icon-svg e-fab-linkedin\" viewBox=\"0 0 448 512\" xmlns=\"http:\/\/www.w3.org\/2000\/svg\"><path d=\"M416 32H31.9C14.3 32 0 46.5 0 64.3v383.4C0 465.5 14.3 480 31.9 480H416c17.6 0 32-14.5 32-32.3V64.3c0-17.8-14.4-32.3-32-32.3zM135.4 416H69V202.2h66.5V416zm-33.2-243c-21.3 0-38.5-17.3-38.5-38.5S80.9 96 102.2 96c21.2 0 38.5 17.3 38.5 38.5 0 21.3-17.2 38.5-38.5 38.5zm282.1 243h-66.4V312c0-24.8-.5-56.7-34.5-56.7-34.6 0-39.9 27-39.9 54.9V416h-66.4V202.2h63.7v29.2h.9c8.9-16.8 30.6-34.5 62.9-34.5 67.2 0 79.7 44.3 79.7 101.9V416z\"><\/path><\/svg>\t\t\t\t\t\t\t<\/span>\n\t\t\t\t\t\t\t\t\t\t\t\t\t\t\t\t\t\t\t\t<\/div>\n\t\t\t\t\t<\/div>\n\t\t\t\t\t\t<\/div>\n\t\t\t\t\t\t<\/div>\n\t\t\t\t\t<\/div>\n\t\t\t\t<\/div>\n\t\t<div class=\"elementor-element elementor-element-64b49ee e-flex e-con-boxed e-con e-parent\" data-id=\"64b49ee\" data-element_type=\"container\" data-e-type=\"container\">\n\t\t\t\t\t<div class=\"e-con-inner\">\n\t\t\t\t<div class=\"elementor-element elementor-element-357522a elementor-widget elementor-widget-text-editor\" data-id=\"357522a\" data-element_type=\"widget\" data-e-type=\"widget\" data-widget_type=\"text-editor.default\">\n\t\t\t\t\t\t\t\t\t<p><span style=\"font-weight: 400;\">Los datos proporcionados a la Sociedad Espa\u00f1ola de Filosof\u00eda Jur\u00eddica y Pol\u00edtica (SEFJP), a trav\u00e9s de este sitio Web u otro medio o soporte ser\u00e1n tratados por la Sociedad Espa\u00f1ola de Filosof\u00eda Jur\u00eddica y Pol\u00edtica (SEFJP), con sede en el Departamento de Filosof\u00eda Jur\u00eddica de la UNED (c\/ Obispo Trejo s\/n., Ciudad Universitaria, 28040 Madrid), como responsable de los ficheros necesarios para la atenci\u00f3n y seguimiento de las solicitudes y consultas dirigidas a trav\u00e9s del sitio Web, lo que le ser\u00e1 convenientemente informado en el momento de recogida de sus datos de car\u00e1cter personal, solicitando su consentimiento de acuerdo con lo establecido en el Reglamento (UE) 2016\/679 del Parlamento Europeo y del Consejo, de 27 de abril de 2016, relativo a la protecci\u00f3n de las personas f\u00edsicas en lo que respecta al tratamiento de datos personales y a la libre circulaci\u00f3n de estos datos y por el que se deroga la Directiva 95\/46\/CE (Reglamento general de protecci\u00f3n de datos).<\/span><\/p><p><span style=\"font-weight: 400;\">La Sociedad Espa\u00f1ola de Filosof\u00eda Jur\u00eddica y Pol\u00edtica (SEFJP), no ceder\u00e1 sus datos a terceros salvo requerimiento y exigencia legal ni tiene prevista su transferencia a un tercer pa\u00eds u organizaci\u00f3n internacional. Cualquier otra cesi\u00f3n de datos se realizar\u00e1 previa obtenci\u00f3n del consentimiento inequ\u00edvoco otorgado por el interesado.<\/span><\/p><p><span style=\"font-weight: 400;\">La Sociedad Espa\u00f1ola de Filosof\u00eda Jur\u00eddica y Pol\u00edtica (SEFJP), asegura la m\u00e1s estricta confidencialidad en la recogida y tratamiento de los datos facilitados por sus usuarios. A estos efectos, adoptar\u00e1 las medidas necesarias para evitar su alteraci\u00f3n, p\u00e9rdida, tratamiento o acceso no autorizado, en atenci\u00f3n a las categor\u00edas de datos tratados que determinan el nivel de seguridad aplicable seg\u00fan lo exigido por el Reglamento general de protecci\u00f3n de datos.<\/span><\/p><p><span style=\"font-weight: 400;\">Los datos personales se conservar\u00e1n mientras dure la condici\u00f3n de miembro en la Sociedad Espa\u00f1ola de Filosof\u00eda Jur\u00eddica y Pol\u00edtica (SEFJP) o mientras perdure la actividad o relaci\u00f3n para la cual se han facilitado \u2014caso de la suscripci\u00f3n al bolet\u00edn de informaci\u00f3n\u2014 o mientras la informaci\u00f3n cuya difusi\u00f3n se haya solicitado \u2014actividades, libros publicados, etc.\u2014 est\u00e9 disponible en los medios de difusi\u00f3n de la Asociaci\u00f3n, excepto exigencia legal en otro sentido. El usuario podr\u00e1 ejercitar en todo momento sus derechos de acceso, rectificaci\u00f3n, oposici\u00f3n, portabilidad y supresi\u00f3n, dirigi\u00e9ndose por escrito a la Secretar\u00eda de la Asociaci\u00f3n, acompa\u00f1ando fotocopia del D.N.I. o documento identificativo correspondiente.<\/span><\/p><p><span style=\"font-weight: 400;\">Los interesados tienen derecho a interponer una reclamaci\u00f3n ante la Agencia Espa\u00f1ola de Protecci\u00f3n de Datos (<\/span><a href=\"http:\/\/www.aepd.es\"><span style=\"font-weight: 400;\">www.aepd.es<\/span><\/a><span style=\"font-weight: 400;\"> ).<\/span><\/p><p><span style=\"font-weight: 400;\">Cualquier uso de los datos de car\u00e1cter personal diferente de las finalidades para las que se contienen en el sitio Web de la Asociaci\u00f3n ser\u00e1 de la exclusiva responsabilidad de la persona que lo realice y podr\u00eda ser puesto en conocimiento de la Agencia Espa\u00f1ola de Protecci\u00f3n de Datos (<\/span><a href=\"http:\/\/www.aepd.es\"><span style=\"font-weight: 400;\">www.aepd.es<\/span><\/a><span style=\"font-weight: 400;\"> ), sin perjuicio de las acciones legales que la Sociedad pueda emprender.<\/span><\/p>\t\t\t\t\t\t\t\t<\/div>\n\t\t\t\t<div class=\"elementor-element elementor-element-21b6c86 elementor-widget elementor-widget-button\" data-id=\"21b6c86\" data-element_type=\"widget\" data-e-type=\"widget\" data-widget_type=\"button.default\">\n\t\t\t\t\t\t\t\t\t\t<a class=\"elementor-button elementor-button-link elementor-size-sm\" href=\"https:\/\/prj08.com.es\/index.php\/secretaria-virtual\/\">\n\t\t\t\t\t\t<span class=\"elementor-button-content-wrapper\">\n\t\t\t\t\t\t\t\t\t<span class=\"elementor-button-text\">Formulario de contacto<\/span>\n\t\t\t\t\t<\/span>\n\t\t\t\t\t<\/a>\n\t\t\t\t\t\t\t\t<\/div>\n\t\t\t\t\t<\/div>\n\t\t\t\t<\/div>\n\t\t\t\t<\/div>\n\t\t","protected":false},"excerpt":{"rendered":"<p>Protecci\u00f3n de Datos Personales Los datos proporcionados a la Sociedad Espa\u00f1ola de Filosof\u00eda Jur\u00eddica y Pol\u00edtica (SEFJP), a trav\u00e9s de este sitio Web u otro medio o soporte ser\u00e1n tratados por la Sociedad Espa\u00f1ola de Filosof\u00eda Jur\u00eddica y Pol\u00edtica (SEFJP), con sede en el Departamento de Filosof\u00eda Jur\u00eddica de la UNED (c\/ Obispo Trejo s\/n., [&hellip;]<\/p>\n","protected":false},"author":1,"featured_media":0,"parent":0,"menu_order":0,"comment_status":"closed","ping_status":"closed","template":"","meta":{"footnotes":""},"class_list":["post-387","page","type-page","status-publish","hentry"],"_links":{"self":[{"href":"https:\/\/prj08.com.es\/index.php\/wp-json\/wp\/v2\/pages\/387","targetHints":{"allow":["GET"]}}],"collection":[{"href":"https:\/\/prj08.com.es\/index.php\/wp-json\/wp\/v2\/pages"}],"about":[{"href":"https:\/\/prj08.com.es\/index.php\/wp-json\/wp\/v2\/types\/page"}],"author":[{"embeddable":true,"href":"https:\/\/prj08.com.es\/index.php\/wp-json\/wp\/v2\/users\/1"}],"replies":[{"embeddable":true,"href":"https:\/\/prj08.com.es\/index.php\/wp-json\/wp\/v2\/comments?post=387"}],"version-history":[{"count":7,"href":"https:\/\/prj08.com.es\/index.php\/wp-json\/wp\/v2\/pages\/387\/revisions"}],"predecessor-version":[{"id":395,"href":"https:\/\/prj08.com.es\/index.php\/wp-json\/wp\/v2\/pages\/387\/revisions\/395"}],"wp:attachment":[{"href":"https:\/\/prj08.com.es\/index.php\/wp-json\/wp\/v2\/media?parent=387"}],"curies":[{"name":"wp","href":"https:\/\/api.w.org\/{rel}","templated":true}]}}