{"id":208,"date":"2026-03-02T13:12:56","date_gmt":"2026-03-02T13:12:56","guid":{"rendered":"https:\/\/prj08.com.es\/?page_id=208"},"modified":"2026-03-02T13:44:03","modified_gmt":"2026-03-02T13:44:03","slug":"admision-de-nuevos-miembros","status":"publish","type":"page","link":"https:\/\/prj08.com.es\/index.php\/admision-de-nuevos-miembros\/","title":{"rendered":"Admisi\u00f3n de nuevos miembros"},"content":{"rendered":"\t\t<div data-elementor-type=\"wp-page\" data-elementor-id=\"208\" class=\"elementor elementor-208\" data-elementor-post-type=\"page\">\n\t\t\t\t<div class=\"elementor-element elementor-element-94daadf e-flex e-con-boxed e-con e-parent\" data-id=\"94daadf\" data-element_type=\"container\" data-e-type=\"container\" data-settings=\"{&quot;background_background&quot;:&quot;classic&quot;}\">\n\t\t\t\t\t<div class=\"e-con-inner\">\n\t\t\t\t<div class=\"elementor-element elementor-element-0fdf31b elementor-widget-mobile__width-inherit elementor-widget elementor-widget-heading\" data-id=\"0fdf31b\" data-element_type=\"widget\" data-e-type=\"widget\" data-widget_type=\"heading.default\">\n\t\t\t\t\t<h2 class=\"elementor-heading-title elementor-size-default\">Admisi\u00f3n de nuevos miembros<\/h2>\t\t\t\t<\/div>\n\t\t\t\t<div class=\"elementor-element elementor-element-a33e3c8 elementor-share-buttons--view-icon elementor-share-buttons--shape-circle elementor-widget__width-auto elementor-widget-mobile__width-inherit elementor-share-buttons--skin-gradient elementor-grid-0 elementor-share-buttons--color-official elementor-widget elementor-widget-share-buttons\" data-id=\"a33e3c8\" data-element_type=\"widget\" data-e-type=\"widget\" data-widget_type=\"share-buttons.default\">\n\t\t\t\t\t\t\t<div class=\"elementor-grid\" role=\"list\">\n\t\t\t\t\t\t\t\t<div class=\"elementor-grid-item\" role=\"listitem\">\n\t\t\t\t\t\t<div class=\"elementor-share-btn elementor-share-btn_facebook\" role=\"button\" tabindex=\"0\" aria-label=\"Compartir en facebook\">\n\t\t\t\t\t\t\t\t\t\t\t\t\t\t\t<span class=\"elementor-share-btn__icon\">\n\t\t\t\t\t\t\t\t<svg aria-hidden=\"true\" class=\"e-font-icon-svg e-fab-facebook\" viewBox=\"0 0 512 512\" xmlns=\"http:\/\/www.w3.org\/2000\/svg\"><path d=\"M504 256C504 119 393 8 256 8S8 119 8 256c0 123.78 90.69 226.38 209.25 245V327.69h-63V256h63v-54.64c0-62.15 37-96.48 93.67-96.48 27.14 0 55.52 4.84 55.52 4.84v61h-31.28c-30.8 0-40.41 19.12-40.41 38.73V256h68.78l-11 71.69h-57.78V501C413.31 482.38 504 379.78 504 256z\"><\/path><\/svg>\t\t\t\t\t\t\t<\/span>\n\t\t\t\t\t\t\t\t\t\t\t\t\t\t\t\t\t\t\t\t<\/div>\n\t\t\t\t\t<\/div>\n\t\t\t\t\t\t\t\t\t<div class=\"elementor-grid-item\" role=\"listitem\">\n\t\t\t\t\t\t<div class=\"elementor-share-btn elementor-share-btn_x-twitter\" role=\"button\" tabindex=\"0\" aria-label=\"Compartir en x-twitter\">\n\t\t\t\t\t\t\t\t\t\t\t\t\t\t\t<span class=\"elementor-share-btn__icon\">\n\t\t\t\t\t\t\t\t<svg aria-hidden=\"true\" class=\"e-font-icon-svg e-fab-x-twitter\" viewBox=\"0 0 512 512\" xmlns=\"http:\/\/www.w3.org\/2000\/svg\"><path d=\"M389.2 48h70.6L305.6 224.2 487 464H345L233.7 318.6 106.5 464H35.8L200.7 275.5 26.8 48H172.4L272.9 180.9 389.2 48zM364.4 421.8h39.1L151.1 88h-42L364.4 421.8z\"><\/path><\/svg>\t\t\t\t\t\t\t<\/span>\n\t\t\t\t\t\t\t\t\t\t\t\t\t\t\t\t\t\t\t\t<\/div>\n\t\t\t\t\t<\/div>\n\t\t\t\t\t\t\t\t\t<div class=\"elementor-grid-item\" role=\"listitem\">\n\t\t\t\t\t\t<div class=\"elementor-share-btn elementor-share-btn_linkedin\" role=\"button\" tabindex=\"0\" aria-label=\"Compartir en linkedin\">\n\t\t\t\t\t\t\t\t\t\t\t\t\t\t\t<span class=\"elementor-share-btn__icon\">\n\t\t\t\t\t\t\t\t<svg aria-hidden=\"true\" class=\"e-font-icon-svg e-fab-linkedin\" viewBox=\"0 0 448 512\" xmlns=\"http:\/\/www.w3.org\/2000\/svg\"><path d=\"M416 32H31.9C14.3 32 0 46.5 0 64.3v383.4C0 465.5 14.3 480 31.9 480H416c17.6 0 32-14.5 32-32.3V64.3c0-17.8-14.4-32.3-32-32.3zM135.4 416H69V202.2h66.5V416zm-33.2-243c-21.3 0-38.5-17.3-38.5-38.5S80.9 96 102.2 96c21.2 0 38.5 17.3 38.5 38.5 0 21.3-17.2 38.5-38.5 38.5zm282.1 243h-66.4V312c0-24.8-.5-56.7-34.5-56.7-34.6 0-39.9 27-39.9 54.9V416h-66.4V202.2h63.7v29.2h.9c8.9-16.8 30.6-34.5 62.9-34.5 67.2 0 79.7 44.3 79.7 101.9V416z\"><\/path><\/svg>\t\t\t\t\t\t\t<\/span>\n\t\t\t\t\t\t\t\t\t\t\t\t\t\t\t\t\t\t\t\t<\/div>\n\t\t\t\t\t<\/div>\n\t\t\t\t\t\t<\/div>\n\t\t\t\t\t\t<\/div>\n\t\t\t\t\t<\/div>\n\t\t\t\t<\/div>\n\t\t<div class=\"elementor-element elementor-element-f12117f e-flex e-con-boxed e-con e-parent\" data-id=\"f12117f\" data-element_type=\"container\" data-e-type=\"container\">\n\t\t\t\t\t<div class=\"e-con-inner\">\n\t\t\t\t<div class=\"elementor-element elementor-element-09264ab elementor-widget-mobile__width-inherit elementor-widget-divider--view-line elementor-widget elementor-widget-divider\" data-id=\"09264ab\" data-element_type=\"widget\" data-e-type=\"widget\" data-widget_type=\"divider.default\">\n\t\t\t\t\t\t\t<div class=\"elementor-divider\">\n\t\t\t<span class=\"elementor-divider-separator\">\n\t\t\t\t\t\t<\/span>\n\t\t<\/div>\n\t\t\t\t\t\t<\/div>\n\t\t\t\t\t<\/div>\n\t\t\t\t<\/div>\n\t\t<div class=\"elementor-element elementor-element-5560bd8 e-flex e-con-boxed e-con e-parent\" data-id=\"5560bd8\" data-element_type=\"container\" data-e-type=\"container\">\n\t\t\t\t\t<div class=\"e-con-inner\">\n\t\t<div class=\"elementor-element elementor-element-9040fde e-con-full e-flex e-con e-child\" data-id=\"9040fde\" data-element_type=\"container\" data-e-type=\"container\" data-settings=\"{&quot;background_background&quot;:&quot;classic&quot;}\">\n\t\t\t\t<div class=\"elementor-element elementor-element-c95e47a elementor-widget elementor-widget-heading\" data-id=\"c95e47a\" data-element_type=\"widget\" data-e-type=\"widget\" data-widget_type=\"heading.default\">\n\t\t\t\t\t<h2 class=\"elementor-heading-title elementor-size-default\">Formulario de solicitud\n<\/h2>\t\t\t\t<\/div>\n\t\t\t\t<div class=\"elementor-element elementor-element-9fa9ea1 elementor-widget__width-initial elementor-widget elementor-widget-text-editor\" data-id=\"9fa9ea1\" data-element_type=\"widget\" data-e-type=\"widget\" data-widget_type=\"text-editor.default\">\n\t\t\t\t\t\t\t\t\t<p>Todas aquellas personas interesadas en ingresar en la Asociaci\u00f3n Espa\u00f1ola de Profesores de Derecho Internacional y Relaciones Internacionales podr\u00e1n solicitar su admisi\u00f3n enviando el formulario adjunto, debidamente cumplimentado,\u00a0dirigido a la Secretar\u00eda de la AEPDIRI por correo electr\u00f3nico a\u00a0<a href=\"mailto:secretaria@aepdiri.org\"><span class=\"cloaked_email\">secretaria@sefjp.com<\/span><\/a>.<\/p>\t\t\t\t\t\t\t\t<\/div>\n\t\t<div class=\"elementor-element elementor-element-6e05ed5 e-con-full e-flex e-con e-child\" data-id=\"6e05ed5\" data-element_type=\"container\" data-e-type=\"container\">\n\t\t\t\t<div class=\"elementor-element elementor-element-44fac71 elementor-widget elementor-widget-button\" data-id=\"44fac71\" data-element_type=\"widget\" data-e-type=\"widget\" data-widget_type=\"button.default\">\n\t\t\t\t\t\t\t\t\t\t<a class=\"elementor-button elementor-button-link elementor-size-sm\" href=\"#\">\n\t\t\t\t\t\t<span class=\"elementor-button-content-wrapper\">\n\t\t\t\t\t\t\t\t\t<span class=\"elementor-button-text\">Formulario de solicitud (PDF)<\/span>\n\t\t\t\t\t<\/span>\n\t\t\t\t\t<\/a>\n\t\t\t\t\t\t\t\t<\/div>\n\t\t\t\t<div class=\"elementor-element elementor-element-6248b08 elementor-widget elementor-widget-button\" data-id=\"6248b08\" data-element_type=\"widget\" data-e-type=\"widget\" data-widget_type=\"button.default\">\n\t\t\t\t\t\t\t\t\t\t<a class=\"elementor-button elementor-button-link elementor-size-sm\" href=\"#\">\n\t\t\t\t\t\t<span class=\"elementor-button-content-wrapper\">\n\t\t\t\t\t\t\t\t\t<span class=\"elementor-button-text\">Formulario de solicitud (WORD)<\/span>\n\t\t\t\t\t<\/span>\n\t\t\t\t\t<\/a>\n\t\t\t\t\t\t\t\t<\/div>\n\t\t\t\t<\/div>\n\t\t\t\t<\/div>\n\t\t\t\t\t<\/div>\n\t\t\t\t<\/div>\n\t\t<div class=\"elementor-element elementor-element-7f732c8 e-flex e-con-boxed e-con e-parent\" data-id=\"7f732c8\" data-element_type=\"container\" data-e-type=\"container\">\n\t\t\t\t\t<div class=\"e-con-inner\">\n\t\t\t\t<div class=\"elementor-element elementor-element-0920513 elementor-widget elementor-widget-text-editor\" data-id=\"0920513\" data-element_type=\"widget\" data-e-type=\"widget\" data-widget_type=\"text-editor.default\">\n\t\t\t\t\t\t\t\t\t<p>La Asociaci\u00f3n se compone de tres clases de miembros: los\u00a0<strong>Miembros de honor<\/strong>, los\u00a0<strong>Miembros de n\u00famero<\/strong>\u00a0y los\u00a0<strong>Miembros asociados<\/strong>.<\/p><ul><li>Los\u00a0<strong>Miembros de honor<\/strong>\u00a0son elegidos por la Asamblea General de la Asociaci\u00f3n a propuesta de al menos cinco Miembros de n\u00famero. Pueden acceder a esta condici\u00f3n las personas f\u00edsicas o jur\u00eddicas que hayan contribuido de manera especial al progreso del Derecho Internacional y de las Relaciones Internacionales.<\/li><li>Los\u00a0<strong>Miembros asociados<\/strong>\u00a0son igualmente elegidos por la Asamblea General de la Asociaci\u00f3n a propuesta de al menos cinco Miembros de n\u00famero. A esta condici\u00f3n pueden acceder las personas que, sin ser profesores, hayan contribuido al desarrollo del Derecho Internacional y de las Relaciones Internacionales.<\/li><li>Pueden ser\u00a0<strong>Miembros de n\u00famero<\/strong>\u00a0todos los profesores universitarios, as\u00ed como ayudantes o becarios, de Derecho Internacional y Relaciones Internacionales. Su admisi\u00f3n corresponde a la Junta Directiva de la Asociaci\u00f3n.<\/li><\/ul><p>Todos los Miembros de la Asociaci\u00f3n tienen derecho a asistir y a participar en las Jornadas de la Asociaci\u00f3n, a formar parte de las comisiones o ponencias que en su seno se constituyan y a estar informados sobre las actividades de la Asociaci\u00f3n.<\/p><p>Los Miembros de n\u00famero y asociados, excepci\u00f3n hecha de quienes hayan alcanzado la edad de jubilaci\u00f3n, est\u00e1n obligados al sostenimiento de la Asociaci\u00f3n mediante el pago de una cuota anual. La cuota est\u00e1 actualmente fijada en 90,00 euros y cubre la suscripci\u00f3n a las tres Revistas de la Asociaci\u00f3n (la Revista Espa\u00f1ola de Derecho Internacional, la Revista Electr\u00f3nica de Estudios Internacionales y el Spanish Yearbook of International Law).<\/p><p>Las solicitudes de admisi\u00f3n como Miembro de n\u00famero o Miembro asociado deben dirigirse al Secretario, envi\u00e1ndolas bien por correo electr\u00f3nico, bien por correo postal a la sede de la Asociaci\u00f3n. Las solicitudes habr\u00e1n de cumplimentarse en el impreso que figura m\u00e1s abajo.<\/p><p>Los Miembros de la Asociaci\u00f3n deben comunicar al Secretario de la Asociaci\u00f3n todo cambio en sus datos personales a trav\u00e9s del este\u00a0formulario. Se recomienda que los datos referentes a la domiciliaci\u00f3n bancaria se comunique por correo electr\u00f3nico a\u00a0<a href=\"mailto:secretaria@aepdiri.org\"><span class=\"cloaked_email\">secretaria@sefjp.com<\/span><\/a>.\u00a0<\/p>\t\t\t\t\t\t\t\t<\/div>\n\t\t\t\t\t<\/div>\n\t\t\t\t<\/div>\n\t\t\t\t<\/div>\n\t\t","protected":false},"excerpt":{"rendered":"<p>Admisi\u00f3n de nuevos miembros Formulario de solicitud Todas aquellas personas interesadas en ingresar en la Asociaci\u00f3n Espa\u00f1ola de Profesores de Derecho Internacional y Relaciones Internacionales podr\u00e1n solicitar su admisi\u00f3n enviando el formulario adjunto, debidamente cumplimentado,\u00a0dirigido a la Secretar\u00eda de la AEPDIRI por correo electr\u00f3nico a\u00a0secretaria@sefjp.com. Formulario de solicitud (PDF) Formulario de solicitud (WORD) La Asociaci\u00f3n [&hellip;]<\/p>\n","protected":false},"author":1,"featured_media":0,"parent":0,"menu_order":0,"comment_status":"closed","ping_status":"closed","template":"","meta":{"footnotes":""},"class_list":["post-208","page","type-page","status-publish","hentry"],"_links":{"self":[{"href":"https:\/\/prj08.com.es\/index.php\/wp-json\/wp\/v2\/pages\/208","targetHints":{"allow":["GET"]}}],"collection":[{"href":"https:\/\/prj08.com.es\/index.php\/wp-json\/wp\/v2\/pages"}],"about":[{"href":"https:\/\/prj08.com.es\/index.php\/wp-json\/wp\/v2\/types\/page"}],"author":[{"embeddable":true,"href":"https:\/\/prj08.com.es\/index.php\/wp-json\/wp\/v2\/users\/1"}],"replies":[{"embeddable":true,"href":"https:\/\/prj08.com.es\/index.php\/wp-json\/wp\/v2\/comments?post=208"}],"version-history":[{"count":16,"href":"https:\/\/prj08.com.es\/index.php\/wp-json\/wp\/v2\/pages\/208\/revisions"}],"predecessor-version":[{"id":226,"href":"https:\/\/prj08.com.es\/index.php\/wp-json\/wp\/v2\/pages\/208\/revisions\/226"}],"wp:attachment":[{"href":"https:\/\/prj08.com.es\/index.php\/wp-json\/wp\/v2\/media?parent=208"}],"curies":[{"name":"wp","href":"https:\/\/api.w.org\/{rel}","templated":true}]}}