{"id":180,"date":"2026-03-02T11:46:35","date_gmt":"2026-03-02T11:46:35","guid":{"rendered":"https:\/\/prj08.com.es\/?page_id=180"},"modified":"2026-03-02T11:47:08","modified_gmt":"2026-03-02T11:47:08","slug":"reglamento-interno","status":"publish","type":"page","link":"https:\/\/prj08.com.es\/index.php\/reglamento-interno\/","title":{"rendered":"Reglamento Interno"},"content":{"rendered":"\t\t<div data-elementor-type=\"wp-page\" data-elementor-id=\"180\" class=\"elementor elementor-180\" data-elementor-post-type=\"page\">\n\t\t\t\t<div class=\"elementor-element elementor-element-94daadf e-flex e-con-boxed e-con e-parent\" data-id=\"94daadf\" data-element_type=\"container\" data-e-type=\"container\" data-settings=\"{&quot;background_background&quot;:&quot;classic&quot;}\">\n\t\t\t\t\t<div class=\"e-con-inner\">\n\t\t\t\t<div class=\"elementor-element elementor-element-0fdf31b elementor-widget-mobile__width-inherit elementor-widget elementor-widget-heading\" data-id=\"0fdf31b\" data-element_type=\"widget\" data-e-type=\"widget\" data-widget_type=\"heading.default\">\n\t\t\t\t\t<h2 class=\"elementor-heading-title elementor-size-default\">Reglamento interno\n<\/h2>\t\t\t\t<\/div>\n\t\t\t\t<div class=\"elementor-element elementor-element-a33e3c8 elementor-share-buttons--view-icon elementor-share-buttons--shape-circle elementor-widget__width-auto elementor-widget-mobile__width-inherit elementor-share-buttons--skin-gradient elementor-grid-0 elementor-share-buttons--color-official elementor-widget elementor-widget-share-buttons\" data-id=\"a33e3c8\" data-element_type=\"widget\" data-e-type=\"widget\" data-widget_type=\"share-buttons.default\">\n\t\t\t\t\t\t\t<div class=\"elementor-grid\" role=\"list\">\n\t\t\t\t\t\t\t\t<div class=\"elementor-grid-item\" role=\"listitem\">\n\t\t\t\t\t\t<div class=\"elementor-share-btn elementor-share-btn_facebook\" role=\"button\" tabindex=\"0\" aria-label=\"Compartir en facebook\">\n\t\t\t\t\t\t\t\t\t\t\t\t\t\t\t<span class=\"elementor-share-btn__icon\">\n\t\t\t\t\t\t\t\t<svg aria-hidden=\"true\" class=\"e-font-icon-svg e-fab-facebook\" viewBox=\"0 0 512 512\" xmlns=\"http:\/\/www.w3.org\/2000\/svg\"><path d=\"M504 256C504 119 393 8 256 8S8 119 8 256c0 123.78 90.69 226.38 209.25 245V327.69h-63V256h63v-54.64c0-62.15 37-96.48 93.67-96.48 27.14 0 55.52 4.84 55.52 4.84v61h-31.28c-30.8 0-40.41 19.12-40.41 38.73V256h68.78l-11 71.69h-57.78V501C413.31 482.38 504 379.78 504 256z\"><\/path><\/svg>\t\t\t\t\t\t\t<\/span>\n\t\t\t\t\t\t\t\t\t\t\t\t\t\t\t\t\t\t\t\t<\/div>\n\t\t\t\t\t<\/div>\n\t\t\t\t\t\t\t\t\t<div class=\"elementor-grid-item\" role=\"listitem\">\n\t\t\t\t\t\t<div class=\"elementor-share-btn elementor-share-btn_x-twitter\" role=\"button\" tabindex=\"0\" aria-label=\"Compartir en x-twitter\">\n\t\t\t\t\t\t\t\t\t\t\t\t\t\t\t<span class=\"elementor-share-btn__icon\">\n\t\t\t\t\t\t\t\t<svg aria-hidden=\"true\" class=\"e-font-icon-svg e-fab-x-twitter\" viewBox=\"0 0 512 512\" xmlns=\"http:\/\/www.w3.org\/2000\/svg\"><path d=\"M389.2 48h70.6L305.6 224.2 487 464H345L233.7 318.6 106.5 464H35.8L200.7 275.5 26.8 48H172.4L272.9 180.9 389.2 48zM364.4 421.8h39.1L151.1 88h-42L364.4 421.8z\"><\/path><\/svg>\t\t\t\t\t\t\t<\/span>\n\t\t\t\t\t\t\t\t\t\t\t\t\t\t\t\t\t\t\t\t<\/div>\n\t\t\t\t\t<\/div>\n\t\t\t\t\t\t\t\t\t<div class=\"elementor-grid-item\" role=\"listitem\">\n\t\t\t\t\t\t<div class=\"elementor-share-btn elementor-share-btn_linkedin\" role=\"button\" tabindex=\"0\" aria-label=\"Compartir en linkedin\">\n\t\t\t\t\t\t\t\t\t\t\t\t\t\t\t<span class=\"elementor-share-btn__icon\">\n\t\t\t\t\t\t\t\t<svg aria-hidden=\"true\" class=\"e-font-icon-svg e-fab-linkedin\" viewBox=\"0 0 448 512\" xmlns=\"http:\/\/www.w3.org\/2000\/svg\"><path d=\"M416 32H31.9C14.3 32 0 46.5 0 64.3v383.4C0 465.5 14.3 480 31.9 480H416c17.6 0 32-14.5 32-32.3V64.3c0-17.8-14.4-32.3-32-32.3zM135.4 416H69V202.2h66.5V416zm-33.2-243c-21.3 0-38.5-17.3-38.5-38.5S80.9 96 102.2 96c21.2 0 38.5 17.3 38.5 38.5 0 21.3-17.2 38.5-38.5 38.5zm282.1 243h-66.4V312c0-24.8-.5-56.7-34.5-56.7-34.6 0-39.9 27-39.9 54.9V416h-66.4V202.2h63.7v29.2h.9c8.9-16.8 30.6-34.5 62.9-34.5 67.2 0 79.7 44.3 79.7 101.9V416z\"><\/path><\/svg>\t\t\t\t\t\t\t<\/span>\n\t\t\t\t\t\t\t\t\t\t\t\t\t\t\t\t\t\t\t\t<\/div>\n\t\t\t\t\t<\/div>\n\t\t\t\t\t\t<\/div>\n\t\t\t\t\t\t<\/div>\n\t\t\t\t\t<\/div>\n\t\t\t\t<\/div>\n\t\t<div class=\"elementor-element elementor-element-f12117f e-flex e-con-boxed e-con e-parent\" data-id=\"f12117f\" data-element_type=\"container\" data-e-type=\"container\">\n\t\t\t\t\t<div class=\"e-con-inner\">\n\t\t\t\t<div class=\"elementor-element elementor-element-09264ab elementor-widget-mobile__width-inherit elementor-widget-divider--view-line elementor-widget elementor-widget-divider\" data-id=\"09264ab\" data-element_type=\"widget\" data-e-type=\"widget\" data-widget_type=\"divider.default\">\n\t\t\t\t\t\t\t<div class=\"elementor-divider\">\n\t\t\t<span class=\"elementor-divider-separator\">\n\t\t\t\t\t\t<\/span>\n\t\t<\/div>\n\t\t\t\t\t\t<\/div>\n\t\t\t\t\t<\/div>\n\t\t\t\t<\/div>\n\t\t<div class=\"elementor-element elementor-element-9cdf02c e-flex e-con-boxed e-con e-parent\" data-id=\"9cdf02c\" data-element_type=\"container\" data-e-type=\"container\">\n\t\t\t\t\t<div class=\"e-con-inner\">\n\t\t\t\t<div class=\"elementor-element elementor-element-0088be6 elementor-widget elementor-widget-text-editor\" data-id=\"0088be6\" data-element_type=\"widget\" data-e-type=\"widget\" data-widget_type=\"text-editor.default\">\n\t\t\t\t\t\t\t\t\t<h3>I. De las reuniones de la Asamblea General<\/h3><p><em><strong>Art. 1.<\/strong><\/em>\u00a01. La Asamblea General se reunir\u00e1 en sesi\u00f3n ordinaria una vez cada dos a\u00f1os como m\u00ednimo.<\/p><p>2. La preceptiva reuni\u00f3n tendr\u00e1 lugar durante las Jornadas a que se refiere el ep\u00edgrafe III del presente reglamento.<\/p><p>3. La Asamblea General podr\u00e1, no obstante, celebrar otras reuniones bajo las condiciones expresadas en el art\u00edculo 13 de los Estatutos de la Asociaci\u00f3n, as\u00ed como modificar, mediante causa justificada, la fecha de reuni\u00f3n establecida de conformidad con el apartado 2 del presente art\u00edculo.<\/p><p><em><strong>Art. 2.<\/strong><\/em>\u00a01. El quorum necesario para la v\u00e1lida celebraci\u00f3n de las reuniones ser\u00e1 el previsto en el art\u00edculo 13 de los Estatutos de la Asociaci\u00f3n.<\/p><p>2. Las reuniones ser\u00e1n presididas por el Presidente de la Junta Directiva, a quien corresponder\u00e1 la direcci\u00f3n de los debates y, en general, la adopci\u00f3n de las medidas tendentes al correcto desarrollo de aqu\u00e9llas.<\/p><p>3. Como Secretario actuar\u00e1 el de la Asociaci\u00f3n, quien levantar\u00e1 acta de las sesiones y desempe\u00f1ar\u00e1 las dem\u00e1s funciones propias de su cargo.<\/p><p>4. La Junta Directiva fijar\u00e1 el orden del d\u00eda de las reuniones, en el cual figurar\u00e1n preceptivamente aquellos puntos cuya inclusi\u00f3n hubiere sido acordada en Asamblea General. Por mayor\u00eda de dos tercios se podr\u00e1 acordar, en la reuni\u00f3n en curso de la Asamblea General, incluir puntos a tratar en la misma.<\/p><p>5. Las convocatorias de las reuniones se har\u00e1n por escrito con veinte d\u00edas de antelaci\u00f3n al se\u00f1alado para la celebraci\u00f3n de la reuni\u00f3n. En ellas deber\u00e1 constar el orden del d\u00eda y, si procediere, la documentaci\u00f3n pertienente.<\/p><p><em><strong>Art. 3.<\/strong><\/em>\u00a01. Cada reuni\u00f3n se abrir\u00e1 con la lectura por el Secretario del Acta de la reuni\u00f3n anterior y la aprobaci\u00f3n, en su caso, de la misma.<\/p><p>2. Los acuerdos alcanzados previos a los oportunos debates se adoptar\u00e1n por mayor\u00eda, salvo en lo dispuesto en los art\u00edculos 8, 17 y 18 de los Estatutos de la Asociaci\u00f3n y en el art\u00edculo 2, apartado 4 in fine del presente reglamento. Dichos acuerdos figurar\u00e1n textualmente en el Acta de sesiones correspondientes.<\/p><p>3. La ejecuci\u00f3n de los acuerdos correr\u00e1 a cargo de la Junta Directiva. De la ejecuci\u00f3n se dar\u00e1 cuenta a la Asamblea General en la reuni\u00f3n inmediata posterior de \u00e9sta, procur\u00e1ndose, en todo caso, por la Junta Directiva tener informados a los miembros de la Asociaci\u00f3n del curso dado a los acuerdos adoptados y, en general, de las gestiones realizadas al efecto por aqu\u00e9lla.<\/p><p><em><strong>Art. 4.<\/strong><\/em>\u00a0A fin de facilitar el desarrollo de sus tareas, la Asamblea General podr\u00e1 crear Comisiones de trabajo y de estudio.<\/p><h3>II. De las reuniones de la Junta Directiva<\/h3><p><em><strong>Art. 5.<\/strong><\/em>\u00a01. La Junta Directiva, constituida de conformidad con el art\u00edculo 14, apartado 1 de los Estatutos de la Asociaci\u00f3n, se reunir\u00e1 al menos dos veces al a\u00f1o o siempre que lo solicite un tercio de los miembros de la Asociaci\u00f3n.<\/p><p>2. Las convocatorias, en las que figurar\u00e1 el correspondiente orden del d\u00eda, se har\u00e1 por escrito con diez d\u00edas de antelaci\u00f3n al se\u00f1alado para la celebraci\u00f3n de la reuni\u00f3n.<\/p><p>3. La Junta Directiva se considerar\u00e1 v\u00e1lidamente constituida con un quorum de la mitad m\u00e1s uno de sus miembros.<\/p><p>4. El Presidente dirigir\u00e1 los debates y velar\u00e1 por el correcto desarrollo de las reuniones.<\/p><p>5. Al Secretario, que ser\u00e1 de la Asociaci\u00f3n, corresponder\u00e1 levantar acta de las sesiones y ejercer las dem\u00e1s funciones propias de su condici\u00f3n.<\/p><p>6. La Junta Directiva deliberar\u00e1 por mayor\u00eda.<\/p><p><em><strong>Art. 6.<\/strong>\u00a0<\/em>1. En el desempe\u00f1o de sus funciones, la Junta Directiva se atendr\u00e1 a lo dispuesto en los apartados 3 y 4 del art\u00edculo 14 de los Estatutos de la Asociaci\u00f3n.<\/p><p>2. La Junta Directiva podr\u00e1 delegar en una Comisi\u00f3n Permanente la adopci\u00f3n de medidas administrativas de urgencia.<\/p><p>3. A reserva de lo dispuesto en el art\u00edculo 4 del presente reglamento, la Junta Directiva tambi\u00e9n podr\u00e1 crear comisiones o grupos de trabajo que ser\u00e1n sometidos a la confirmaci\u00f3n de la Asamblea General.<\/p><p>4. Del resultado de sus gestiones, la Junta Directiva rendir\u00e1 el oportuno informe a la Asamblea General.<\/p><p><em><strong>Art. 7.<\/strong>\u00a0<\/em>En el desempe\u00f1o de su funciones relativas a la admisi\u00f3n de miembros ordinarios, la Junta se atendr\u00e1 al criterio de que son profesores universitarios en el sentido del art\u00edculo 6 de los Estatutos, aquellos que ocupen plazas docentes de las \u00e1reas de conocimiento que integran las disciplinas mencionadas en el art\u00edculo 3, los ayudantes u otros profesores contratados que colaboren con los primeros y los becarios del Plan Nacional de Formaci\u00f3n del Personal Investigador en id\u00e9nticas circunstancias.<\/p><h3>III. De las Jornadas<\/h3><p><em><strong>Art. 8.<\/strong><\/em>\u00a0Al amparo del art\u00edculo 3 de sus Estatutos, la Asociaci\u00f3n promover\u00e1 la celebraci\u00f3n de reuniones cient\u00edficas y, se\u00f1aladamente, de Jornadas destinadas al estudio de temas de Derecho Internacional, Derecho Comunitario Europeo y de Relaciones Internacionales de inter\u00e9s cient\u00edfico y profesional.<\/p><p><em><strong>Art. 9.<\/strong><\/em>\u00a0En cada reuni\u00f3n de la Asamblea General a la que hace referencia el art\u00edculo 1. p\u00e1rrafo 2, del presente reglamento, se fijar\u00e1 el lugar y la fecha de celebraci\u00f3n de las siguientes Jornadas. A tal efecto, y en la propia reuni\u00f3n, se designar\u00e1 una Comisi\u00f3n Organizadora encargada de las oportunas gestiones de programaci\u00f3n y preparaci\u00f3n, de cuyas gestiones se mantendr\u00e1 informada a la Junta Directiva.<\/p><p><em><strong>Art. 10.<\/strong><\/em>\u00a01. La Comisi\u00f3n Organizadora constar\u00e1 como m\u00ednimo de un Presidente, un Vocal y un Secretario, que ser\u00e1n profesores de la Universidad en cuya sede hayan de celebrarse las Jornadas.<\/p><p>2. El Presidente y el Secretario de la Comisi\u00f3n Organizadora lo ser\u00e1n asimismo de las Jornadas.<\/p><p><em><strong>Art. 11.<\/strong><\/em>\u00a01. En la reuni\u00f3n en que se acuerde lugar y fecha de la celebraci\u00f3n de las Jornadas de conformidad con el art\u00edculo 9 del presente reglamento, se determinar\u00e1 el tema o los temas a tratar en las mismas y se designar\u00e1n ponentes.<\/p><p>2. A tal efecto, se depositar\u00e1n en poder del Secretario de la Asociaci\u00f3n las oportunas propuestas de temas y ponencias con un m\u00ednimo de veinticuatro horas de antelaci\u00f3n a la referida reuni\u00f3n de la Asamblea General. Esta resolver\u00e1 por mayor\u00eda.<\/p><p>3. Una ponencia al menos se reservar\u00e1 para su desarrollo por un miembro del Departamento o Departamentos de la Universidad sede de las Jornadas, con arreglo al art\u00edculo 9 del presente reglamento.<\/p><p><em><strong>Art. 12.<\/strong><\/em>\u00a01. La direcci\u00f3n y ordenaci\u00f3n de los trabajos de las Jornadas recaer\u00e1n en una Mesa de la que formar\u00e1n parte el Presidente y el Secretario de aqu\u00e9llas, as\u00ed como Vocales designados en la sesi\u00f3n de apertura de las mismas, uno o varios de los cuales podr\u00e1n actuar por delegaci\u00f3n como Secretarios de Actas.<\/p><p>2. La mesa de apertura, que ser\u00e1 la que hubiere presidido las Jornadas inmediatamente anteriores, cesar\u00e1 tras el acto de constituci\u00f3n de las Jornadas en curso.<\/p><p>3. La labor de las Jornadas podr\u00e1 distribuirse en Comisiones de estudio o de trabajo. Podr\u00e1 designarse, asimismo, un Comit\u00e9 de Redacci\u00f3n.<\/p><p><em><strong>Art. 13.<\/strong>\u00a0<\/em>1. Las ponencias se desarrollar\u00e1n por el orden que figure en el programa elaborado al efecto por la Comisi\u00f3n Organizadora. Esta deber\u00e1 haber procurado dar la oportuna difusi\u00f3n de las mismas con varios d\u00edas de anticipaci\u00f3n al de comienzo de las Jornadas.<\/p><p>2. Tras la exposici\u00f3n de cada una de las ponencias se abrir\u00e1 el oportuno debate, moderado por el Presidente y recogido por el Secretario de Actas.<\/p><p>3. Quienes concurrieren como observadores tendr\u00e1n voz en los debates, pero no voto en las deliberaciones.<\/p><p><em><strong>Art. 14.<\/strong><\/em>\u00a0Podr\u00e1n presentarse comunicaciones en relaci\u00f3n con los temas a debatir en las Jornadas u otros de com\u00fan inter\u00e9s. Dichas comunicaciones, al igual que las ponencias, deber\u00e1n haberse enviado a la Secretar\u00eda de la Comisi\u00f3n Organizadora con la antelaci\u00f3n suficiente y ser\u00e1n objeto de difusi\u00f3n y de eventual debate.<\/p><p><em><strong>Art. 15.<\/strong><\/em>\u00a01. Al cabo de la exposici\u00f3n y debate de las respectivas ponencias, en sesi\u00f3n final, se ordenar\u00e1n los resultados y se elaborar\u00e1n las oportunas conclusiones, las cuales revestir\u00e1n la forma de acuerdos.<\/p><p>2. En todo caso, se proceder\u00e1 seg\u00fan la regla de la mayor\u00eda.<\/p><p><em><strong>Art. 16.<\/strong><\/em>\u00a0Los trabajos y resultados cient\u00edficos de las Jornadas, recogidos \u00edntegra o resumidamente en un informe, ser\u00e1n comunicados a todos los miembros de la Asociaci\u00f3n y podr\u00e1n ser objeto de publicaci\u00f3n en todo o en parte.<\/p><p><em><strong>Art. 17.<\/strong><\/em>\u00a0Las reglas establecidas en el presente ep\u00edgrafe para las Jornadas ser\u00e1n en principio de aplicaci\u00f3n a cualesquiera otras reuniones cient\u00edficas organizadas por la Asociaci\u00f3n al amparo del art\u00edculo 3 de sus Estatutos.<\/p>\t\t\t\t\t\t\t\t<\/div>\n\t\t\t\t\t<\/div>\n\t\t\t\t<\/div>\n\t\t\t\t<\/div>\n\t\t","protected":false},"excerpt":{"rendered":"<p>Reglamento interno I. De las reuniones de la Asamblea General Art. 1.\u00a01. La Asamblea General se reunir\u00e1 en sesi\u00f3n ordinaria una vez cada dos a\u00f1os como m\u00ednimo. 2. La preceptiva reuni\u00f3n tendr\u00e1 lugar durante las Jornadas a que se refiere el ep\u00edgrafe III del presente reglamento. 3. La Asamblea General podr\u00e1, no obstante, celebrar otras [&hellip;]<\/p>\n","protected":false},"author":1,"featured_media":0,"parent":0,"menu_order":0,"comment_status":"closed","ping_status":"closed","template":"","meta":{"footnotes":""},"class_list":["post-180","page","type-page","status-publish","hentry"],"_links":{"self":[{"href":"https:\/\/prj08.com.es\/index.php\/wp-json\/wp\/v2\/pages\/180","targetHints":{"allow":["GET"]}}],"collection":[{"href":"https:\/\/prj08.com.es\/index.php\/wp-json\/wp\/v2\/pages"}],"about":[{"href":"https:\/\/prj08.com.es\/index.php\/wp-json\/wp\/v2\/types\/page"}],"author":[{"embeddable":true,"href":"https:\/\/prj08.com.es\/index.php\/wp-json\/wp\/v2\/users\/1"}],"replies":[{"embeddable":true,"href":"https:\/\/prj08.com.es\/index.php\/wp-json\/wp\/v2\/comments?post=180"}],"version-history":[{"count":4,"href":"https:\/\/prj08.com.es\/index.php\/wp-json\/wp\/v2\/pages\/180\/revisions"}],"predecessor-version":[{"id":185,"href":"https:\/\/prj08.com.es\/index.php\/wp-json\/wp\/v2\/pages\/180\/revisions\/185"}],"wp:attachment":[{"href":"https:\/\/prj08.com.es\/index.php\/wp-json\/wp\/v2\/media?parent=180"}],"curies":[{"name":"wp","href":"https:\/\/api.w.org\/{rel}","templated":true}]}}