{"id":164,"date":"2026-03-02T11:32:17","date_gmt":"2026-03-02T11:32:17","guid":{"rendered":"https:\/\/prj08.com.es\/?page_id=164"},"modified":"2026-03-02T11:44:10","modified_gmt":"2026-03-02T11:44:10","slug":"estatutos","status":"publish","type":"page","link":"https:\/\/prj08.com.es\/index.php\/estatutos\/","title":{"rendered":"Estatutos"},"content":{"rendered":"\t\t<div data-elementor-type=\"wp-page\" data-elementor-id=\"164\" class=\"elementor elementor-164\" data-elementor-post-type=\"page\">\n\t\t\t\t<div class=\"elementor-element elementor-element-94daadf e-flex e-con-boxed e-con e-parent\" data-id=\"94daadf\" data-element_type=\"container\" data-e-type=\"container\" data-settings=\"{&quot;background_background&quot;:&quot;classic&quot;}\">\n\t\t\t\t\t<div class=\"e-con-inner\">\n\t\t\t\t<div class=\"elementor-element elementor-element-0fdf31b elementor-widget-mobile__width-inherit elementor-widget elementor-widget-heading\" data-id=\"0fdf31b\" data-element_type=\"widget\" data-e-type=\"widget\" data-widget_type=\"heading.default\">\n\t\t\t\t\t<h2 class=\"elementor-heading-title elementor-size-default\">Estatutos<\/h2>\t\t\t\t<\/div>\n\t\t\t\t<div class=\"elementor-element elementor-element-a33e3c8 elementor-share-buttons--view-icon elementor-share-buttons--shape-circle elementor-widget__width-auto elementor-widget-mobile__width-inherit elementor-share-buttons--skin-gradient elementor-grid-0 elementor-share-buttons--color-official elementor-widget elementor-widget-share-buttons\" data-id=\"a33e3c8\" data-element_type=\"widget\" data-e-type=\"widget\" data-widget_type=\"share-buttons.default\">\n\t\t\t\t\t\t\t<div class=\"elementor-grid\" role=\"list\">\n\t\t\t\t\t\t\t\t<div class=\"elementor-grid-item\" role=\"listitem\">\n\t\t\t\t\t\t<div class=\"elementor-share-btn elementor-share-btn_facebook\" role=\"button\" tabindex=\"0\" aria-label=\"Compartir en facebook\">\n\t\t\t\t\t\t\t\t\t\t\t\t\t\t\t<span class=\"elementor-share-btn__icon\">\n\t\t\t\t\t\t\t\t<svg aria-hidden=\"true\" class=\"e-font-icon-svg e-fab-facebook\" viewBox=\"0 0 512 512\" xmlns=\"http:\/\/www.w3.org\/2000\/svg\"><path d=\"M504 256C504 119 393 8 256 8S8 119 8 256c0 123.78 90.69 226.38 209.25 245V327.69h-63V256h63v-54.64c0-62.15 37-96.48 93.67-96.48 27.14 0 55.52 4.84 55.52 4.84v61h-31.28c-30.8 0-40.41 19.12-40.41 38.73V256h68.78l-11 71.69h-57.78V501C413.31 482.38 504 379.78 504 256z\"><\/path><\/svg>\t\t\t\t\t\t\t<\/span>\n\t\t\t\t\t\t\t\t\t\t\t\t\t\t\t\t\t\t\t\t<\/div>\n\t\t\t\t\t<\/div>\n\t\t\t\t\t\t\t\t\t<div class=\"elementor-grid-item\" role=\"listitem\">\n\t\t\t\t\t\t<div class=\"elementor-share-btn elementor-share-btn_x-twitter\" role=\"button\" tabindex=\"0\" aria-label=\"Compartir en x-twitter\">\n\t\t\t\t\t\t\t\t\t\t\t\t\t\t\t<span class=\"elementor-share-btn__icon\">\n\t\t\t\t\t\t\t\t<svg aria-hidden=\"true\" class=\"e-font-icon-svg e-fab-x-twitter\" viewBox=\"0 0 512 512\" xmlns=\"http:\/\/www.w3.org\/2000\/svg\"><path d=\"M389.2 48h70.6L305.6 224.2 487 464H345L233.7 318.6 106.5 464H35.8L200.7 275.5 26.8 48H172.4L272.9 180.9 389.2 48zM364.4 421.8h39.1L151.1 88h-42L364.4 421.8z\"><\/path><\/svg>\t\t\t\t\t\t\t<\/span>\n\t\t\t\t\t\t\t\t\t\t\t\t\t\t\t\t\t\t\t\t<\/div>\n\t\t\t\t\t<\/div>\n\t\t\t\t\t\t\t\t\t<div class=\"elementor-grid-item\" role=\"listitem\">\n\t\t\t\t\t\t<div class=\"elementor-share-btn elementor-share-btn_linkedin\" role=\"button\" tabindex=\"0\" aria-label=\"Compartir en linkedin\">\n\t\t\t\t\t\t\t\t\t\t\t\t\t\t\t<span class=\"elementor-share-btn__icon\">\n\t\t\t\t\t\t\t\t<svg aria-hidden=\"true\" class=\"e-font-icon-svg e-fab-linkedin\" viewBox=\"0 0 448 512\" xmlns=\"http:\/\/www.w3.org\/2000\/svg\"><path d=\"M416 32H31.9C14.3 32 0 46.5 0 64.3v383.4C0 465.5 14.3 480 31.9 480H416c17.6 0 32-14.5 32-32.3V64.3c0-17.8-14.4-32.3-32-32.3zM135.4 416H69V202.2h66.5V416zm-33.2-243c-21.3 0-38.5-17.3-38.5-38.5S80.9 96 102.2 96c21.2 0 38.5 17.3 38.5 38.5 0 21.3-17.2 38.5-38.5 38.5zm282.1 243h-66.4V312c0-24.8-.5-56.7-34.5-56.7-34.6 0-39.9 27-39.9 54.9V416h-66.4V202.2h63.7v29.2h.9c8.9-16.8 30.6-34.5 62.9-34.5 67.2 0 79.7 44.3 79.7 101.9V416z\"><\/path><\/svg>\t\t\t\t\t\t\t<\/span>\n\t\t\t\t\t\t\t\t\t\t\t\t\t\t\t\t\t\t\t\t<\/div>\n\t\t\t\t\t<\/div>\n\t\t\t\t\t\t<\/div>\n\t\t\t\t\t\t<\/div>\n\t\t\t\t\t<\/div>\n\t\t\t\t<\/div>\n\t\t<div class=\"elementor-element elementor-element-f12117f e-flex e-con-boxed e-con e-parent\" data-id=\"f12117f\" data-element_type=\"container\" data-e-type=\"container\">\n\t\t\t\t\t<div class=\"e-con-inner\">\n\t\t\t\t<div class=\"elementor-element elementor-element-09264ab elementor-widget-mobile__width-inherit elementor-widget-divider--view-line elementor-widget elementor-widget-divider\" data-id=\"09264ab\" data-element_type=\"widget\" data-e-type=\"widget\" data-widget_type=\"divider.default\">\n\t\t\t\t\t\t\t<div class=\"elementor-divider\">\n\t\t\t<span class=\"elementor-divider-separator\">\n\t\t\t\t\t\t<\/span>\n\t\t<\/div>\n\t\t\t\t\t\t<\/div>\n\t\t\t\t\t<\/div>\n\t\t\t\t<\/div>\n\t\t<div class=\"elementor-element elementor-element-9cdf02c e-flex e-con-boxed e-con e-parent\" data-id=\"9cdf02c\" data-element_type=\"container\" data-e-type=\"container\">\n\t\t\t\t\t<div class=\"e-con-inner\">\n\t\t\t\t<div class=\"elementor-element elementor-element-0088be6 elementor-widget elementor-widget-text-editor\" data-id=\"0088be6\" data-element_type=\"widget\" data-e-type=\"widget\" data-widget_type=\"text-editor.default\">\n\t\t\t\t\t\t\t\t\t<h3>I. Fines<\/h3><p><em><strong>Art. 1.<\/strong>\u00a0<\/em>Con el nombre de \u00abAsociaci\u00f3n Espa\u00f1ola de Profesores de Derecho Internacional y Relaciones Internacionales\u00bb y conforme a la Ley 191\/1964, de 24 de diciembre, se constituye esta Asociaci\u00f3n de \u00e1mbito nacional destinada a promover el estudio y progreso del Derecho Internacional P\u00fablico y privado, del Derecho Comunitario Europeo y de las Relaciones Internacionales. La Asociaci\u00f3n es una instituci\u00f3n cient\u00edfica y profesional sin fines de lucro, que se regir\u00e1 por estos estatutos.<\/p><p><em><strong>Art. 2.<\/strong>\u00a0<\/em>La asociaci\u00f3n tiene su sede en los locales de la Escuela Diplom\u00e1tica, Paseo de Juan XXIII, n\u00ba 5, 28040-Madrid. La Junta Directiva podr\u00e1 trasladar dicha sede libremente dentro de la misma ciudad.<\/p><p><em><strong>Art. 3.<\/strong>\u00a0<\/em>Para el cumplimiento de sus fines, la Asociaci\u00f3n: a) promover\u00e1 la comunicaci\u00f3n entre profesores de Derecho Internacional Y Relaciones Internacionales, Departamentos, Facultades y Universidades (tanto nacionales como extranjeras); b) favorecer\u00e1 la convocatoria y celebraci\u00f3n de congresos y reuniones cient\u00edficas; c) impulsar\u00e1 y llevar\u00e1 a cabo proyectos de investigaci\u00f3n, publicaciones, cursos y conferencias; d) contribuir\u00e1 a la mejora de las ense\u00f1anzas del Derecho Internacional P\u00fablico, Derecho Intenacional Privado, Derecho Comunitario Europeo y Relaciones Internacionales, as\u00ed como a la defensa de los intereses comunes de sus miembros; e) realizar\u00e1 otras actividades semejantes en el \u00e1mbito de sus fines.<\/p><h3>II. Estructura<\/h3><p><em><strong>Art. 4.<\/strong><\/em>\u00a0La Asociaci\u00f3n se compone de miembros de honor, miembros de n\u00famero y asociados.<\/p><p><em><strong>Art. 5.<\/strong>\u00a0<\/em>Podr\u00e1n ser miembros de honor de la Asociaci\u00f3n las personas f\u00edsicas y jur\u00eddicas que habiendo contribuido especialmente al progreso del Derecho Internacional y de las Relaciones Internacionales, sean elegidas como tales, de conformidad con el art\u00edculo 8, previa presentaci\u00f3n por cinco miembros de n\u00famero, al menos, de la Asociaci\u00f3n.<\/p><p><em><strong>Art. 6.<\/strong><\/em>\u00a0Podr\u00e1n ser miembros de n\u00famero los profesores universitarios que lo soliciten. La Asociaci\u00f3n estar\u00e1 formada inicialmente por quienes suscriban el acta constitutiva.<\/p><p><em><strong>Art. 7.<\/strong><\/em>\u00a0Podr\u00e1n ser miembros asociados quienes por haber contribuido al desarrollo del Derecho Internacional y de las Relaciones Internacionales y no encontr\u00e1ndose comprendidos en los dos art\u00edculos anteriores, sean propuestos por cinco miembros de n\u00famero, al menos, y admitidos por la Asamblea General, de conformidad con el art\u00edculo 8.<\/p><p><em><strong>Art. 8.<\/strong><\/em>\u00a0Para ser miembro de honor o asociado ser\u00e1 necesario ser elegido por la Asamblea General por una mayor\u00eda de 2\/3 de miembros presentes y votantes.<\/p><p>La admisi\u00f3n de miembros ordinarios corresponde a la Junta Directiva, previa verificaci\u00f3n por el Secretario de que el candidato re\u00fane las condiciones expresadas en el art\u00edculo 6.<\/p><p><em><strong>Art. 9.<\/strong>\u00a0<\/em>Todos los miebros de la Asociaci\u00f3n tienen derecho a formar parte de las comisiones o ponencias que se constituyan, seg\u00fan lo decida la Asamblea General, a asistir a las reuniones y congresos que se convoquen y a recabar en todo momento informaci\u00f3n sobre las actividades de la Asociaci\u00f3n, as\u00ed como sobre su situaci\u00f3n administrativa y econ\u00f3mica.<\/p><p>Todos los miembros tienen obligaci\u00f3n de colaborar en las actividades de la Asociaci\u00f3n, as\u00ed como de abstenerse, en el \u00e1mbito de \u00e9sta, de cualquier actividad no relacionada con el cumplimiento de los fines de la misma.<\/p><p><em><strong>Art. 10.<\/strong><\/em>\u00a0Los miembros y asociados tienen la obligaci\u00f3n de contribuir al sostenimiento de la Asociaci\u00f3n mediante una cuota anual, que ser\u00e1 fijada por mayor\u00eda simple de la Asamblea general.<\/p><p>Los profesores em\u00e9ritos y, en general, todos los que hayan alcanzado la edad de jubilaci\u00f3n quedan exentos del pago de las correspondientes cuotas.<\/p><p><em><strong>Art. 11.<\/strong><\/em>\u00a0la condici\u00f3n de miembro de la Asociaci\u00f3n puede perderse por las causas siguientes:<\/p><ul><li>Por renuncia expresa.<\/li><li>Por p\u00e9rdida de la condici\u00f3n de profesor universitario para los miembros de n\u00famero, salvo que sea por motivos extraacad\u00e9micos.<\/li><li>Por falta de pago de las cuotas establecidas durante dos anualidades.<\/li><\/ul><h3>III. \u00d3rganos<\/h3><p><em><strong>Art. 12.<\/strong><\/em>\u00a0Son \u00f3rganos de la Asociaci\u00f3n la Asamblea General, la Junta Directiva y la Secretar\u00eda.<\/p><p><em><strong>Art. 13.\u00a0<\/strong><\/em>1. La Asamblea se compone de todos los miembros de n\u00famero de la Asociaci\u00f3n.<\/p><p>2. Se reunir\u00e1 como m\u00ednimo cada dos a\u00f1os y en aquellas ocasiones en que la propia Asamblea lo crea conveniente, la convoque la Junta Directiva o lo solicite 1\/3 de los miembros de n\u00famero de la Asociaci\u00f3n. El quorum necesario para su constituci\u00f3n en primera convocatoria ser\u00e1 la mitad m\u00e1s uno de los miembros, pudiendo reunirse en segunda convocatoria cualquiera que fuere el n\u00famero de ellos.<\/p><p>3. La competencia de la Asamblea General abarca todas las materias que entran en los fines de la instituci\u00f3n.<\/p><p>4. Ser\u00e1 Presidente de la Asamblea General quien lo sea de la Junta Directiva. Corresponde al Presidente conceder la palabra a quienes la pidan, dirigir los debates y cuidar de su correcto desarrollo. Actuar\u00e1 de Secretario el de la Asociaci\u00f3n, quien levantar\u00e1 acta de sus sesiones y tendr\u00e1 a su cargo la preparaci\u00f3n de las mismas.<\/p><p><em><strong>Art. 14.<\/strong><\/em>\u00a01. La Junta Directiva se compone de seis miembros de n\u00famero, elegidos por la Asamblea General y el Secretario de la Asociaci\u00f3n. A los fines de una adecuada representaci\u00f3n de los distintos niveles de profesorado, la elecci\u00f3n se har\u00e1 de manera que la Junta Directiva comprenda, en todo caso, dos Catedr\u00e1ticos y dos Profesores Titulares. Para su elecci\u00f3n ser\u00e1 necesario la mayor\u00eda simple de votos de la Asamblea General y su mandato tendr\u00e1 un per\u00edodo de cuatro a\u00f1os. La Junta Directiva elegir\u00e1 de entre sus miembros un Presidente, dos Vicepresidentes, un Tesorero y dos Vocales. Ser\u00e1 renovada por mitades. La primera renovaci\u00f3n, que se producir\u00e1 a los dos a\u00f1os. Ser\u00e1 el Vicepresidente primero, Vocal segundo y Tesorero.<\/p><p>2. La Junta Directiva se reunir\u00e1 al menos dos veces al a\u00f1o o siempre que 1\/3 de los miembros de la Asociaci\u00f3n lo solicite. Ser\u00e1 convocada de orden del Presidente por el Secretario.<\/p><p>3. Sus funciones son discutir y resolver los asuntos urgentes y en su caso dar cuenta a la Asamblea General de los mismos, preparar las reuniones de \u00e9sta, su orden del d\u00eda provisional, programar planes de trabajo para su aprobaci\u00f3n por aqu\u00e9lla, redactar el proyecto de presupuesto bianual de ejecuci\u00f3n anual, crear \u00f3rganos subsidiarios de car\u00e1cter temporal y cualquier otro que le encomiende la Asamblea General.<\/p><p>4. A la Junta Directiva y por delegaci\u00f3n de su Presidente, le corresponde la representaci\u00f3n de la Asociaci\u00f3n.<\/p><p><strong><em>Art. 15.<\/em>\u00a0<\/strong>La Asamblea General elegir\u00e1, en votaci\u00f3n independiente, un Secretario, por un per\u00edodo de cuatro a\u00f1os. Le corresponden las funciones administrativas y el mantenimiento de la relaci\u00f3n permanente con todos los miembros, as\u00ed como el desempe\u00f1o de las funciones que le sean delegadas por el Presidente o la Junta Directiva, y la realizaci\u00f3n de las actividades que le sean encomendadas por tales \u00f3rganos.<\/p><h3>IV. Recursos econ\u00f3micos<\/h3><p><em><strong>Art. 16.<\/strong><\/em>\u00a01. El Patrimonio de la Asociaci\u00f3n est\u00e1 constituido por los fondos y bienes precedentes:<\/p><ul><li>De las contribuciones ordinarias o extraordinarias de sus miembros.<\/li><li>De las subvenciones, donaciones y legados que puedan recibir por cualquier t\u00edtulo, siendo competencia de la Junta Directiva su aceptaci\u00f3n, incluso en el caso de producirse en forma condicionada; actualmente el patrimonio es inexistente.<\/li><li>Del producto de sus publicaciones y actividades.<\/li><\/ul><p>2. Corresponde a la Asamblea General la aprobaci\u00f3n del presupuesto bianual de ejecuci\u00f3n anual de la Asociaci\u00f3n y el ex\u00e1men de los resultados del mismo. Puede limitarse el presupuesto anual de gasto en un mill\u00f3n de pesetas.<\/p><h3>V. Modificaci\u00f3n de los estatutos<\/h3><p><em><strong>Art. 17.<\/strong><\/em>\u00a0Los presentes estatutos podr\u00e1n ser modificados por la Asamblea General, especialmente convocada al efecto. La modificaci\u00f3n, constituida la Asamblea, exige el voto favorable de 2\/3 de los miembros de n\u00famero presentes y votantes, que correspondan al menos a la mayor\u00eda absoluta de miembros de la Asociaci\u00f3n.<\/p><p><em><strong>Art. 18.<\/strong><\/em>\u00a01. La Asamblea General convocada especialmente para este fin, podr\u00e1 decidir, por mayor\u00eda de 2\/3 de los miembros de n\u00famero presentes y votantes, que correspondan al menos a la mayor\u00eda absoluta de los miembros de la Asociaci\u00f3n, la disoluci\u00f3n de \u00e9sta.<\/p><p>2. En caso de disoluci\u00f3n, la Asamblea General nombrar\u00e1 una comisi\u00f3n encargada de liquidar la Asociaci\u00f3n y distribuir sus bienes entre instituciones culturales de fines semejantes.<\/p><p>Aprobados en Valencia a 30 de mayo de 1978; modificados en La Laguna a 29 de mayo de 1986, en Vitoria a 27 de septiembre de 1991 y en Madrid a 11 de abril de 1994.<\/p>\t\t\t\t\t\t\t\t<\/div>\n\t\t\t\t\t<\/div>\n\t\t\t\t<\/div>\n\t\t\t\t<\/div>\n\t\t","protected":false},"excerpt":{"rendered":"<p>Estatutos I. Fines Art. 1.\u00a0Con el nombre de \u00abAsociaci\u00f3n Espa\u00f1ola de Profesores de Derecho Internacional y Relaciones Internacionales\u00bb y conforme a la Ley 191\/1964, de 24 de diciembre, se constituye esta Asociaci\u00f3n de \u00e1mbito nacional destinada a promover el estudio y progreso del Derecho Internacional P\u00fablico y privado, del Derecho Comunitario Europeo y de las [&hellip;]<\/p>\n","protected":false},"author":1,"featured_media":0,"parent":0,"menu_order":0,"comment_status":"closed","ping_status":"closed","template":"","meta":{"footnotes":""},"class_list":["post-164","page","type-page","status-publish","hentry"],"_links":{"self":[{"href":"https:\/\/prj08.com.es\/index.php\/wp-json\/wp\/v2\/pages\/164","targetHints":{"allow":["GET"]}}],"collection":[{"href":"https:\/\/prj08.com.es\/index.php\/wp-json\/wp\/v2\/pages"}],"about":[{"href":"https:\/\/prj08.com.es\/index.php\/wp-json\/wp\/v2\/types\/page"}],"author":[{"embeddable":true,"href":"https:\/\/prj08.com.es\/index.php\/wp-json\/wp\/v2\/users\/1"}],"replies":[{"embeddable":true,"href":"https:\/\/prj08.com.es\/index.php\/wp-json\/wp\/v2\/comments?post=164"}],"version-history":[{"count":13,"href":"https:\/\/prj08.com.es\/index.php\/wp-json\/wp\/v2\/pages\/164\/revisions"}],"predecessor-version":[{"id":178,"href":"https:\/\/prj08.com.es\/index.php\/wp-json\/wp\/v2\/pages\/164\/revisions\/178"}],"wp:attachment":[{"href":"https:\/\/prj08.com.es\/index.php\/wp-json\/wp\/v2\/media?parent=164"}],"curies":[{"name":"wp","href":"https:\/\/api.w.org\/{rel}","templated":true}]}}